{"id":14,"date":"2025-09-21T23:32:30","date_gmt":"2025-09-21T21:32:30","guid":{"rendered":"https:\/\/www.repassageservice.fr\/?page_id=14"},"modified":"2025-10-05T21:04:33","modified_gmt":"2025-10-05T19:04:33","slug":"repassage_au_kilo","status":"publish","type":"page","link":"https:\/\/www.repassageservice.fr\/?page_id=14","title":{"rendered":"Repassage au kilo"},"content":{"rendered":"\n<p><strong>Simplifiez votre quotidien avec notre service de repassage<\/strong><\/p>\n\n\n\n<p>Vous n&#8217;avez pas le temps ou l&#8217;\u00e9nergie pour repasser vos v\u00eatements ? Nous avons la solution pour vous. Profitez de notre service de repassage soign\u00e9 et adapt\u00e9 \u00e0 vos besoins.<\/p>\n\n\n\n<p><strong>Pourquoi choisir notre service ?<\/strong><\/p>\n\n\n\n<ul class=\"wp-block-list\">\n<li><strong>Gain de temps<\/strong> : Fini les heures pass\u00e9es \u00e0 repasser, nous nous occupons de tout pour vous.<\/li>\n\n\n\n<li><strong>Qualit\u00e9 professionnelle<\/strong> : Vos v\u00eatements seront impeccablement repass\u00e9s, avec soin et qualit\u00e9 selon vos envies, pli\u00e9s ou sur cintre<\/li>\n\n\n\n<li><strong>Service flexible<\/strong> : R\u00e9servez quand vous en avez besoin, nous nous adaptons \u00e0 votre emploi du temps.<\/li>\n<\/ul>\n\n\n\n<p>Ne laissez pas le repassage devenir une corv\u00e9e, <strong>r\u00e9servez d\u00e8s maintenant<\/strong> et profitez de plus de temps pour vous.<\/p>\n\n\n\n<p>Le repassage est enti\u00e8rement r\u00e9alis\u00e9 \u00e0 la main par du personnel tr\u00e8s exp\u00e9riment\u00e9.<\/p>\n\n\n<div class=\"wp-block-image is-style-default\">\n<figure class=\"aligncenter size-full\"><img fetchpriority=\"high\" decoding=\"async\" width=\"1024\" height=\"1024\" src=\"https:\/\/www.repassageservice.fr\/wp-content\/uploads\/2025\/09\/Repassage.png\" alt=\"\" class=\"wp-image-173\" srcset=\"https:\/\/www.repassageservice.fr\/wp-content\/uploads\/2025\/09\/Repassage.png 1024w, https:\/\/www.repassageservice.fr\/wp-content\/uploads\/2025\/09\/Repassage-300x300.png 300w, https:\/\/www.repassageservice.fr\/wp-content\/uploads\/2025\/09\/Repassage-150x150.png 150w, https:\/\/www.repassageservice.fr\/wp-content\/uploads\/2025\/09\/Repassage-768x768.png 768w\" sizes=\"(max-width: 1024px) 100vw, 1024px\" \/><\/figure>\n<\/div>","protected":false},"excerpt":{"rendered":"<p>Simplifiez votre quotidien avec notre service de repassage Vous n&#8217;avez pas le temps ou l&#8217;\u00e9nergie pour repasser vos v\u00eatements ? Nous avons la solution pour vous. Profitez de notre service de repassage soign\u00e9 et adapt\u00e9 \u00e0 vos besoins. Pourquoi choisir notre service ? Ne laissez pas le repassage devenir une corv\u00e9e, r\u00e9servez d\u00e8s maintenant et [&hellip;]<\/p>\n","protected":false},"author":1,"featured_media":0,"parent":0,"menu_order":0,"comment_status":"closed","ping_status":"closed","template":"","meta":{"footnotes":""},"class_list":["post-14","page","type-page","status-publish","hentry"],"yoast_head":"<!-- This site is optimized with the Yoast SEO plugin v27.5 - https:\/\/yoast.com\/product\/yoast-seo-wordpress\/ -->\n<title>Repassage au kilo - Repassage Service<\/title>\n<meta name=\"robots\" content=\"index, follow, max-snippet:-1, max-image-preview:large, max-video-preview:-1\" \/>\n<link rel=\"canonical\" href=\"https:\/\/www.repassageservice.fr\/?page_id=14\" \/>\n<meta property=\"og:locale\" content=\"fr_FR\" \/>\n<meta property=\"og:type\" content=\"article\" \/>\n<meta property=\"og:title\" content=\"Repassage au kilo - Repassage Service\" \/>\n<meta property=\"og:description\" content=\"Simplifiez votre quotidien avec notre service de repassage Vous n&#8217;avez pas le temps ou l&#8217;\u00e9nergie pour repasser vos v\u00eatements ? Nous avons la solution pour vous. Profitez de notre service de repassage soign\u00e9 et adapt\u00e9 \u00e0 vos besoins. Pourquoi choisir notre service ? Ne laissez pas le repassage devenir une corv\u00e9e, r\u00e9servez d\u00e8s maintenant et [&hellip;]\" \/>\n<meta property=\"og:url\" content=\"https:\/\/www.repassageservice.fr\/?page_id=14\" \/>\n<meta property=\"og:site_name\" content=\"Repassage Service\" \/>\n<meta property=\"article:modified_time\" content=\"2025-10-05T19:04:33+00:00\" \/>\n<meta property=\"og:image\" content=\"https:\/\/www.repassageservice.fr\/wp-content\/uploads\/2025\/09\/Repassage.png\" \/>\n\t<meta property=\"og:image:width\" content=\"1024\" \/>\n\t<meta property=\"og:image:height\" content=\"1024\" \/>\n\t<meta property=\"og:image:type\" content=\"image\/png\" \/>\n<meta name=\"twitter:card\" content=\"summary_large_image\" \/>\n<meta name=\"twitter:label1\" content=\"Dur\u00e9e de lecture estim\u00e9e\" \/>\n\t<meta name=\"twitter:data1\" content=\"1 minute\" \/>\n<script type=\"application\/ld+json\" class=\"yoast-schema-graph\">{\"@context\":\"https:\\\/\\\/schema.org\",\"@graph\":[{\"@type\":\"WebPage\",\"@id\":\"https:\\\/\\\/www.repassageservice.fr\\\/?page_id=14\",\"url\":\"https:\\\/\\\/www.repassageservice.fr\\\/?page_id=14\",\"name\":\"Repassage au kilo - Repassage Service\",\"isPartOf\":{\"@id\":\"https:\\\/\\\/www.repassageservice.fr\\\/#website\"},\"primaryImageOfPage\":{\"@id\":\"https:\\\/\\\/www.repassageservice.fr\\\/?page_id=14#primaryimage\"},\"image\":{\"@id\":\"https:\\\/\\\/www.repassageservice.fr\\\/?page_id=14#primaryimage\"},\"thumbnailUrl\":\"https:\\\/\\\/www.repassageservice.fr\\\/wp-content\\\/uploads\\\/2025\\\/09\\\/Repassage.png\",\"datePublished\":\"2025-09-21T21:32:30+00:00\",\"dateModified\":\"2025-10-05T19:04:33+00:00\",\"breadcrumb\":{\"@id\":\"https:\\\/\\\/www.repassageservice.fr\\\/?page_id=14#breadcrumb\"},\"inLanguage\":\"fr-FR\",\"potentialAction\":[{\"@type\":\"ReadAction\",\"target\":[\"https:\\\/\\\/www.repassageservice.fr\\\/?page_id=14\"]}]},{\"@type\":\"ImageObject\",\"inLanguage\":\"fr-FR\",\"@id\":\"https:\\\/\\\/www.repassageservice.fr\\\/?page_id=14#primaryimage\",\"url\":\"https:\\\/\\\/www.repassageservice.fr\\\/wp-content\\\/uploads\\\/2025\\\/09\\\/Repassage.png\",\"contentUrl\":\"https:\\\/\\\/www.repassageservice.fr\\\/wp-content\\\/uploads\\\/2025\\\/09\\\/Repassage.png\",\"width\":1024,\"height\":1024},{\"@type\":\"BreadcrumbList\",\"@id\":\"https:\\\/\\\/www.repassageservice.fr\\\/?page_id=14#breadcrumb\",\"itemListElement\":[{\"@type\":\"ListItem\",\"position\":1,\"name\":\"Accueil\",\"item\":\"https:\\\/\\\/www.repassageservice.fr\\\/\"},{\"@type\":\"ListItem\",\"position\":2,\"name\":\"Repassage au kilo\"}]},{\"@type\":\"WebSite\",\"@id\":\"https:\\\/\\\/www.repassageservice.fr\\\/#website\",\"url\":\"https:\\\/\\\/www.repassageservice.fr\\\/\",\"name\":\"Repassage Service\",\"description\":\"\",\"publisher\":{\"@id\":\"https:\\\/\\\/www.repassageservice.fr\\\/#organization\"},\"potentialAction\":[{\"@type\":\"SearchAction\",\"target\":{\"@type\":\"EntryPoint\",\"urlTemplate\":\"https:\\\/\\\/www.repassageservice.fr\\\/?s={search_term_string}\"},\"query-input\":{\"@type\":\"PropertyValueSpecification\",\"valueRequired\":true,\"valueName\":\"search_term_string\"}}],\"inLanguage\":\"fr-FR\"},{\"@type\":\"Organization\",\"@id\":\"https:\\\/\\\/www.repassageservice.fr\\\/#organization\",\"name\":\"Repassage Service\",\"url\":\"https:\\\/\\\/www.repassageservice.fr\\\/\",\"logo\":{\"@type\":\"ImageObject\",\"inLanguage\":\"fr-FR\",\"@id\":\"https:\\\/\\\/www.repassageservice.fr\\\/#\\\/schema\\\/logo\\\/image\\\/\",\"url\":\"https:\\\/\\\/www.repassageservice.fr\\\/wp-content\\\/uploads\\\/2025\\\/10\\\/LARS.png\",\"contentUrl\":\"https:\\\/\\\/www.repassageservice.fr\\\/wp-content\\\/uploads\\\/2025\\\/10\\\/LARS.png\",\"width\":900,\"height\":325,\"caption\":\"Repassage Service\"},\"image\":{\"@id\":\"https:\\\/\\\/www.repassageservice.fr\\\/#\\\/schema\\\/logo\\\/image\\\/\"}}]}<\/script>\n<!-- \/ Yoast SEO plugin. -->","yoast_head_json":{"title":"Repassage au kilo - Repassage Service","robots":{"index":"index","follow":"follow","max-snippet":"max-snippet:-1","max-image-preview":"max-image-preview:large","max-video-preview":"max-video-preview:-1"},"canonical":"https:\/\/www.repassageservice.fr\/?page_id=14","og_locale":"fr_FR","og_type":"article","og_title":"Repassage au kilo - Repassage Service","og_description":"Simplifiez votre quotidien avec notre service de repassage Vous n&#8217;avez pas le temps ou l&#8217;\u00e9nergie pour repasser vos v\u00eatements ? Nous avons la solution pour vous. Profitez de notre service de repassage soign\u00e9 et adapt\u00e9 \u00e0 vos besoins. Pourquoi choisir notre service ? Ne laissez pas le repassage devenir une corv\u00e9e, r\u00e9servez d\u00e8s maintenant et [&hellip;]","og_url":"https:\/\/www.repassageservice.fr\/?page_id=14","og_site_name":"Repassage Service","article_modified_time":"2025-10-05T19:04:33+00:00","og_image":[{"width":1024,"height":1024,"url":"https:\/\/www.repassageservice.fr\/wp-content\/uploads\/2025\/09\/Repassage.png","type":"image\/png"}],"twitter_card":"summary_large_image","twitter_misc":{"Dur\u00e9e de lecture estim\u00e9e":"1 minute"},"schema":{"@context":"https:\/\/schema.org","@graph":[{"@type":"WebPage","@id":"https:\/\/www.repassageservice.fr\/?page_id=14","url":"https:\/\/www.repassageservice.fr\/?page_id=14","name":"Repassage au kilo - Repassage Service","isPartOf":{"@id":"https:\/\/www.repassageservice.fr\/#website"},"primaryImageOfPage":{"@id":"https:\/\/www.repassageservice.fr\/?page_id=14#primaryimage"},"image":{"@id":"https:\/\/www.repassageservice.fr\/?page_id=14#primaryimage"},"thumbnailUrl":"https:\/\/www.repassageservice.fr\/wp-content\/uploads\/2025\/09\/Repassage.png","datePublished":"2025-09-21T21:32:30+00:00","dateModified":"2025-10-05T19:04:33+00:00","breadcrumb":{"@id":"https:\/\/www.repassageservice.fr\/?page_id=14#breadcrumb"},"inLanguage":"fr-FR","potentialAction":[{"@type":"ReadAction","target":["https:\/\/www.repassageservice.fr\/?page_id=14"]}]},{"@type":"ImageObject","inLanguage":"fr-FR","@id":"https:\/\/www.repassageservice.fr\/?page_id=14#primaryimage","url":"https:\/\/www.repassageservice.fr\/wp-content\/uploads\/2025\/09\/Repassage.png","contentUrl":"https:\/\/www.repassageservice.fr\/wp-content\/uploads\/2025\/09\/Repassage.png","width":1024,"height":1024},{"@type":"BreadcrumbList","@id":"https:\/\/www.repassageservice.fr\/?page_id=14#breadcrumb","itemListElement":[{"@type":"ListItem","position":1,"name":"Accueil","item":"https:\/\/www.repassageservice.fr\/"},{"@type":"ListItem","position":2,"name":"Repassage au kilo"}]},{"@type":"WebSite","@id":"https:\/\/www.repassageservice.fr\/#website","url":"https:\/\/www.repassageservice.fr\/","name":"Repassage Service","description":"","publisher":{"@id":"https:\/\/www.repassageservice.fr\/#organization"},"potentialAction":[{"@type":"SearchAction","target":{"@type":"EntryPoint","urlTemplate":"https:\/\/www.repassageservice.fr\/?s={search_term_string}"},"query-input":{"@type":"PropertyValueSpecification","valueRequired":true,"valueName":"search_term_string"}}],"inLanguage":"fr-FR"},{"@type":"Organization","@id":"https:\/\/www.repassageservice.fr\/#organization","name":"Repassage Service","url":"https:\/\/www.repassageservice.fr\/","logo":{"@type":"ImageObject","inLanguage":"fr-FR","@id":"https:\/\/www.repassageservice.fr\/#\/schema\/logo\/image\/","url":"https:\/\/www.repassageservice.fr\/wp-content\/uploads\/2025\/10\/LARS.png","contentUrl":"https:\/\/www.repassageservice.fr\/wp-content\/uploads\/2025\/10\/LARS.png","width":900,"height":325,"caption":"Repassage Service"},"image":{"@id":"https:\/\/www.repassageservice.fr\/#\/schema\/logo\/image\/"}}]}},"_links":{"self":[{"href":"https:\/\/www.repassageservice.fr\/index.php?rest_route=\/wp\/v2\/pages\/14","targetHints":{"allow":["GET"]}}],"collection":[{"href":"https:\/\/www.repassageservice.fr\/index.php?rest_route=\/wp\/v2\/pages"}],"about":[{"href":"https:\/\/www.repassageservice.fr\/index.php?rest_route=\/wp\/v2\/types\/page"}],"author":[{"embeddable":true,"href":"https:\/\/www.repassageservice.fr\/index.php?rest_route=\/wp\/v2\/users\/1"}],"replies":[{"embeddable":true,"href":"https:\/\/www.repassageservice.fr\/index.php?rest_route=%2Fwp%2Fv2%2Fcomments&post=14"}],"version-history":[{"count":0,"href":"https:\/\/www.repassageservice.fr\/index.php?rest_route=\/wp\/v2\/pages\/14\/revisions"}],"wp:attachment":[{"href":"https:\/\/www.repassageservice.fr\/index.php?rest_route=%2Fwp%2Fv2%2Fmedia&parent=14"}],"curies":[{"name":"wp","href":"https:\/\/api.w.org\/{rel}","templated":true}]}}