{"id":16,"date":"2025-09-21T23:32:09","date_gmt":"2025-09-21T21:32:09","guid":{"rendered":"https:\/\/www.repassageservice.fr\/?page_id=16"},"modified":"2025-10-05T21:05:08","modified_gmt":"2025-10-05T19:05:08","slug":"lavage_et_repassage_au_kilo","status":"publish","type":"page","link":"https:\/\/www.repassageservice.fr\/?page_id=16","title":{"rendered":"Lavage et Repassage au kilo"},"content":{"rendered":"\n<p><strong>D\u00e9l\u00e9guez votre lessive et repassage, et gagnez du temps.<\/strong><br>Vous souhaitez retrouver des v\u00eatements propres, frais et parfaitement repass\u00e9s ? Nous avons la solution pour vous.<\/p>\n\n\n\n<p><strong>Pourquoi choisir notre service de lavage et repassage ?<\/strong><\/p>\n\n\n\n<ul class=\"wp-block-list\">\n<li><strong>Tout en un<\/strong> : Nous prenons en charge \u00e0 la fois le lavage et le repassage de vos v\u00eatements, pour que vous n&#8217;ayez \u00e0 vous soucier de rien.<\/li>\n\n\n\n<li><strong>Confort et gain de temps<\/strong> : Plus besoin de vous consacrer \u00e0 ces t\u00e2ches m\u00e9nag\u00e8res, nous nous en occupons pendant que vous profitez de votre temps libre.<\/li>\n\n\n\n<li><strong>Qualit\u00e9 irr\u00e9prochable<\/strong> : Votre linge est trait\u00e9 avec soin, et repass\u00e9 \u00e0 la perfection pour un rendu impeccable.<\/li>\n\n\n\n<li><strong>Service rapide et flexible<\/strong> : Vous pouvez r\u00e9server en ligne \u00e0 tout moment, et nous nous adaptons \u00e0 vos horaires pour vous livrer vos v\u00eatements propres et repass\u00e9s dans les meilleurs d\u00e9lais.<\/li>\n\n\n\n<li><strong>Des prix transparents et abordables<\/strong> : Offrez-vous ce luxe \u00e0 un tarif comp\u00e9titif, sans mauvaise surprise.<\/li>\n\n\n\n<li><strong>Ne laissez pas la corv\u00e9e de linge vous envahir.<\/strong> <strong>R\u00e9servez d\u00e8s maintenant<\/strong> pour un service de lavage et repassage de qualit\u00e9, et profitez de vos moments \u00e0 vous !<\/li>\n<\/ul>\n\n\n\n<p>Le lavage est r\u00e9alis\u00e9 avec du mat\u00e9riel professionnel permettant de garantir une qualit\u00e9 irr\u00e9prochable.<\/p>\n\n\n\n<p>Le repassage est enti\u00e8rement r\u00e9alis\u00e9 \u00e0 la main par du personnel tr\u00e8s exp\u00e9riment\u00e9.<\/p>\n\n\n<div class=\"wp-block-image\">\n<figure class=\"aligncenter size-large\"><img fetchpriority=\"high\" decoding=\"async\" width=\"1024\" height=\"683\" src=\"https:\/\/www.repassageservice.fr\/wp-content\/uploads\/2025\/09\/lavage_repassage-1024x683.png\" alt=\"\" class=\"wp-image-177\" srcset=\"https:\/\/www.repassageservice.fr\/wp-content\/uploads\/2025\/09\/lavage_repassage-1024x683.png 1024w, https:\/\/www.repassageservice.fr\/wp-content\/uploads\/2025\/09\/lavage_repassage-300x200.png 300w, https:\/\/www.repassageservice.fr\/wp-content\/uploads\/2025\/09\/lavage_repassage-768x512.png 768w, https:\/\/www.repassageservice.fr\/wp-content\/uploads\/2025\/09\/lavage_repassage.png 1536w\" sizes=\"(max-width: 1024px) 100vw, 1024px\" \/><\/figure>\n<\/div>","protected":false},"excerpt":{"rendered":"<p>D\u00e9l\u00e9guez votre lessive et repassage, et gagnez du temps.Vous souhaitez retrouver des v\u00eatements propres, frais et parfaitement repass\u00e9s ? Nous avons la solution pour vous. Pourquoi choisir notre service de lavage et repassage ? Le lavage est r\u00e9alis\u00e9 avec du mat\u00e9riel professionnel permettant de garantir une qualit\u00e9 irr\u00e9prochable. Le repassage est enti\u00e8rement r\u00e9alis\u00e9 \u00e0 la [&hellip;]<\/p>\n","protected":false},"author":1,"featured_media":0,"parent":0,"menu_order":0,"comment_status":"closed","ping_status":"closed","template":"","meta":{"footnotes":""},"class_list":["post-16","page","type-page","status-publish","hentry"],"yoast_head":"<!-- This site is optimized with the Yoast SEO plugin v27.5 - https:\/\/yoast.com\/product\/yoast-seo-wordpress\/ -->\n<title>Lavage et Repassage au kilo - Repassage Service<\/title>\n<meta name=\"robots\" content=\"index, follow, max-snippet:-1, max-image-preview:large, max-video-preview:-1\" \/>\n<link rel=\"canonical\" href=\"https:\/\/www.repassageservice.fr\/?page_id=16\" \/>\n<meta property=\"og:locale\" content=\"fr_FR\" \/>\n<meta property=\"og:type\" content=\"article\" \/>\n<meta property=\"og:title\" content=\"Lavage et Repassage au kilo - Repassage Service\" \/>\n<meta property=\"og:description\" content=\"D\u00e9l\u00e9guez votre lessive et repassage, et gagnez du temps.Vous souhaitez retrouver des v\u00eatements propres, frais et parfaitement repass\u00e9s ? Nous avons la solution pour vous. Pourquoi choisir notre service de lavage et repassage ? Le lavage est r\u00e9alis\u00e9 avec du mat\u00e9riel professionnel permettant de garantir une qualit\u00e9 irr\u00e9prochable. Le repassage est enti\u00e8rement r\u00e9alis\u00e9 \u00e0 la [&hellip;]\" \/>\n<meta property=\"og:url\" content=\"https:\/\/www.repassageservice.fr\/?page_id=16\" \/>\n<meta property=\"og:site_name\" content=\"Repassage Service\" \/>\n<meta property=\"article:modified_time\" content=\"2025-10-05T19:05:08+00:00\" \/>\n<meta property=\"og:image\" content=\"https:\/\/www.repassageservice.fr\/wp-content\/uploads\/2025\/09\/lavage_repassage-1024x683.png\" \/>\n\t<meta property=\"og:image:width\" content=\"1024\" \/>\n\t<meta property=\"og:image:height\" content=\"683\" \/>\n\t<meta property=\"og:image:type\" content=\"image\/png\" \/>\n<meta name=\"twitter:card\" content=\"summary_large_image\" \/>\n<meta name=\"twitter:label1\" content=\"Dur\u00e9e de lecture estim\u00e9e\" \/>\n\t<meta name=\"twitter:data1\" content=\"1 minute\" \/>\n<script type=\"application\/ld+json\" class=\"yoast-schema-graph\">{\"@context\":\"https:\\\/\\\/schema.org\",\"@graph\":[{\"@type\":\"WebPage\",\"@id\":\"https:\\\/\\\/www.repassageservice.fr\\\/?page_id=16\",\"url\":\"https:\\\/\\\/www.repassageservice.fr\\\/?page_id=16\",\"name\":\"Lavage et Repassage au kilo - Repassage Service\",\"isPartOf\":{\"@id\":\"https:\\\/\\\/www.repassageservice.fr\\\/#website\"},\"primaryImageOfPage\":{\"@id\":\"https:\\\/\\\/www.repassageservice.fr\\\/?page_id=16#primaryimage\"},\"image\":{\"@id\":\"https:\\\/\\\/www.repassageservice.fr\\\/?page_id=16#primaryimage\"},\"thumbnailUrl\":\"https:\\\/\\\/www.repassageservice.fr\\\/wp-content\\\/uploads\\\/2025\\\/09\\\/lavage_repassage-1024x683.png\",\"datePublished\":\"2025-09-21T21:32:09+00:00\",\"dateModified\":\"2025-10-05T19:05:08+00:00\",\"breadcrumb\":{\"@id\":\"https:\\\/\\\/www.repassageservice.fr\\\/?page_id=16#breadcrumb\"},\"inLanguage\":\"fr-FR\",\"potentialAction\":[{\"@type\":\"ReadAction\",\"target\":[\"https:\\\/\\\/www.repassageservice.fr\\\/?page_id=16\"]}]},{\"@type\":\"ImageObject\",\"inLanguage\":\"fr-FR\",\"@id\":\"https:\\\/\\\/www.repassageservice.fr\\\/?page_id=16#primaryimage\",\"url\":\"https:\\\/\\\/www.repassageservice.fr\\\/wp-content\\\/uploads\\\/2025\\\/09\\\/lavage_repassage.png\",\"contentUrl\":\"https:\\\/\\\/www.repassageservice.fr\\\/wp-content\\\/uploads\\\/2025\\\/09\\\/lavage_repassage.png\",\"width\":1536,\"height\":1024},{\"@type\":\"BreadcrumbList\",\"@id\":\"https:\\\/\\\/www.repassageservice.fr\\\/?page_id=16#breadcrumb\",\"itemListElement\":[{\"@type\":\"ListItem\",\"position\":1,\"name\":\"Accueil\",\"item\":\"https:\\\/\\\/www.repassageservice.fr\\\/\"},{\"@type\":\"ListItem\",\"position\":2,\"name\":\"Lavage et Repassage au kilo\"}]},{\"@type\":\"WebSite\",\"@id\":\"https:\\\/\\\/www.repassageservice.fr\\\/#website\",\"url\":\"https:\\\/\\\/www.repassageservice.fr\\\/\",\"name\":\"Repassage Service\",\"description\":\"\",\"publisher\":{\"@id\":\"https:\\\/\\\/www.repassageservice.fr\\\/#organization\"},\"potentialAction\":[{\"@type\":\"SearchAction\",\"target\":{\"@type\":\"EntryPoint\",\"urlTemplate\":\"https:\\\/\\\/www.repassageservice.fr\\\/?s={search_term_string}\"},\"query-input\":{\"@type\":\"PropertyValueSpecification\",\"valueRequired\":true,\"valueName\":\"search_term_string\"}}],\"inLanguage\":\"fr-FR\"},{\"@type\":\"Organization\",\"@id\":\"https:\\\/\\\/www.repassageservice.fr\\\/#organization\",\"name\":\"Repassage Service\",\"url\":\"https:\\\/\\\/www.repassageservice.fr\\\/\",\"logo\":{\"@type\":\"ImageObject\",\"inLanguage\":\"fr-FR\",\"@id\":\"https:\\\/\\\/www.repassageservice.fr\\\/#\\\/schema\\\/logo\\\/image\\\/\",\"url\":\"https:\\\/\\\/www.repassageservice.fr\\\/wp-content\\\/uploads\\\/2025\\\/10\\\/LARS.png\",\"contentUrl\":\"https:\\\/\\\/www.repassageservice.fr\\\/wp-content\\\/uploads\\\/2025\\\/10\\\/LARS.png\",\"width\":900,\"height\":325,\"caption\":\"Repassage Service\"},\"image\":{\"@id\":\"https:\\\/\\\/www.repassageservice.fr\\\/#\\\/schema\\\/logo\\\/image\\\/\"}}]}<\/script>\n<!-- \/ Yoast SEO plugin. -->","yoast_head_json":{"title":"Lavage et Repassage au kilo - Repassage Service","robots":{"index":"index","follow":"follow","max-snippet":"max-snippet:-1","max-image-preview":"max-image-preview:large","max-video-preview":"max-video-preview:-1"},"canonical":"https:\/\/www.repassageservice.fr\/?page_id=16","og_locale":"fr_FR","og_type":"article","og_title":"Lavage et Repassage au kilo - Repassage Service","og_description":"D\u00e9l\u00e9guez votre lessive et repassage, et gagnez du temps.Vous souhaitez retrouver des v\u00eatements propres, frais et parfaitement repass\u00e9s ? Nous avons la solution pour vous. Pourquoi choisir notre service de lavage et repassage ? Le lavage est r\u00e9alis\u00e9 avec du mat\u00e9riel professionnel permettant de garantir une qualit\u00e9 irr\u00e9prochable. Le repassage est enti\u00e8rement r\u00e9alis\u00e9 \u00e0 la [&hellip;]","og_url":"https:\/\/www.repassageservice.fr\/?page_id=16","og_site_name":"Repassage Service","article_modified_time":"2025-10-05T19:05:08+00:00","og_image":[{"width":1024,"height":683,"url":"https:\/\/www.repassageservice.fr\/wp-content\/uploads\/2025\/09\/lavage_repassage-1024x683.png","type":"image\/png"}],"twitter_card":"summary_large_image","twitter_misc":{"Dur\u00e9e de lecture estim\u00e9e":"1 minute"},"schema":{"@context":"https:\/\/schema.org","@graph":[{"@type":"WebPage","@id":"https:\/\/www.repassageservice.fr\/?page_id=16","url":"https:\/\/www.repassageservice.fr\/?page_id=16","name":"Lavage et Repassage au kilo - Repassage Service","isPartOf":{"@id":"https:\/\/www.repassageservice.fr\/#website"},"primaryImageOfPage":{"@id":"https:\/\/www.repassageservice.fr\/?page_id=16#primaryimage"},"image":{"@id":"https:\/\/www.repassageservice.fr\/?page_id=16#primaryimage"},"thumbnailUrl":"https:\/\/www.repassageservice.fr\/wp-content\/uploads\/2025\/09\/lavage_repassage-1024x683.png","datePublished":"2025-09-21T21:32:09+00:00","dateModified":"2025-10-05T19:05:08+00:00","breadcrumb":{"@id":"https:\/\/www.repassageservice.fr\/?page_id=16#breadcrumb"},"inLanguage":"fr-FR","potentialAction":[{"@type":"ReadAction","target":["https:\/\/www.repassageservice.fr\/?page_id=16"]}]},{"@type":"ImageObject","inLanguage":"fr-FR","@id":"https:\/\/www.repassageservice.fr\/?page_id=16#primaryimage","url":"https:\/\/www.repassageservice.fr\/wp-content\/uploads\/2025\/09\/lavage_repassage.png","contentUrl":"https:\/\/www.repassageservice.fr\/wp-content\/uploads\/2025\/09\/lavage_repassage.png","width":1536,"height":1024},{"@type":"BreadcrumbList","@id":"https:\/\/www.repassageservice.fr\/?page_id=16#breadcrumb","itemListElement":[{"@type":"ListItem","position":1,"name":"Accueil","item":"https:\/\/www.repassageservice.fr\/"},{"@type":"ListItem","position":2,"name":"Lavage et Repassage au kilo"}]},{"@type":"WebSite","@id":"https:\/\/www.repassageservice.fr\/#website","url":"https:\/\/www.repassageservice.fr\/","name":"Repassage Service","description":"","publisher":{"@id":"https:\/\/www.repassageservice.fr\/#organization"},"potentialAction":[{"@type":"SearchAction","target":{"@type":"EntryPoint","urlTemplate":"https:\/\/www.repassageservice.fr\/?s={search_term_string}"},"query-input":{"@type":"PropertyValueSpecification","valueRequired":true,"valueName":"search_term_string"}}],"inLanguage":"fr-FR"},{"@type":"Organization","@id":"https:\/\/www.repassageservice.fr\/#organization","name":"Repassage Service","url":"https:\/\/www.repassageservice.fr\/","logo":{"@type":"ImageObject","inLanguage":"fr-FR","@id":"https:\/\/www.repassageservice.fr\/#\/schema\/logo\/image\/","url":"https:\/\/www.repassageservice.fr\/wp-content\/uploads\/2025\/10\/LARS.png","contentUrl":"https:\/\/www.repassageservice.fr\/wp-content\/uploads\/2025\/10\/LARS.png","width":900,"height":325,"caption":"Repassage Service"},"image":{"@id":"https:\/\/www.repassageservice.fr\/#\/schema\/logo\/image\/"}}]}},"_links":{"self":[{"href":"https:\/\/www.repassageservice.fr\/index.php?rest_route=\/wp\/v2\/pages\/16","targetHints":{"allow":["GET"]}}],"collection":[{"href":"https:\/\/www.repassageservice.fr\/index.php?rest_route=\/wp\/v2\/pages"}],"about":[{"href":"https:\/\/www.repassageservice.fr\/index.php?rest_route=\/wp\/v2\/types\/page"}],"author":[{"embeddable":true,"href":"https:\/\/www.repassageservice.fr\/index.php?rest_route=\/wp\/v2\/users\/1"}],"replies":[{"embeddable":true,"href":"https:\/\/www.repassageservice.fr\/index.php?rest_route=%2Fwp%2Fv2%2Fcomments&post=16"}],"version-history":[{"count":0,"href":"https:\/\/www.repassageservice.fr\/index.php?rest_route=\/wp\/v2\/pages\/16\/revisions"}],"wp:attachment":[{"href":"https:\/\/www.repassageservice.fr\/index.php?rest_route=%2Fwp%2Fv2%2Fmedia&parent=16"}],"curies":[{"name":"wp","href":"https:\/\/api.w.org\/{rel}","templated":true}]}}