{"id":19,"date":"2025-09-21T23:32:54","date_gmt":"2025-09-21T21:32:54","guid":{"rendered":"https:\/\/www.repassageservice.fr\/?page_id=19"},"modified":"2025-10-05T14:35:01","modified_gmt":"2025-10-05T12:35:01","slug":"retouches","status":"publish","type":"page","link":"https:\/\/www.repassageservice.fr\/?page_id=19","title":{"rendered":"Professionnels"},"content":{"rendered":"\n<p><strong>Professionnels, confiez votre linge \u00e0 Lavorama \u2013 Votre partenaire pressing de confiance<\/strong><\/p>\n\n\n\n<p>Vous \u00eates un <strong>h\u00f4tel<\/strong>, une <strong>r\u00e9sidence \u00e9tudiante<\/strong>, un <strong>restaurant<\/strong>, un <strong>salon de coiffure<\/strong>, un <strong>cabinet m\u00e9dical, un club sportif<\/strong> ou une <strong>entreprise<\/strong> ?<\/p>\n\n\n\n<p><br>Gagnez du temps, de la qualit\u00e9 et de la tranquillit\u00e9 d\u2019esprit en confiant l\u2019entretien de votre linge professionnel \u00e0 <strong>Lavorama<\/strong>.<\/p>\n\n\n\n<p><strong>Pourquoi choisir Lavorama&nbsp;?<\/strong><\/p>\n\n\n\n<ul class=\"wp-block-list\">\n<li>Collecte &amp; livraison<strong> pour un service sur-mesure<\/strong> adapt\u00e9 \u00e0 vos besoins et \u00e0 votre rythme.<\/li>\n\n\n\n<li><strong>Hygi\u00e8ne irr\u00e9prochable<\/strong> pour les textiles professionnels (linge plat, uniformes, blouses, nappes, serviettes, etc.)<\/li>\n\n\n\n<li><strong>R\u00e9activit\u00e9 &amp; ponctualit\u00e9<\/strong> : nous respectons vos d\u00e9lais pour que vous ne soyez jamais \u00e0 court de linge propre<\/li>\n\n\n\n<li><strong>Qualit\u00e9 professionnelle garantie<\/strong> : machines industrielles, produits hauts de gamme et \u00e9quipe exp\u00e9riment\u00e9e<\/li>\n\n\n\n<li><strong>Suivi personnalis\u00e9<\/strong> : un interlocuteur d\u00e9di\u00e9 pour g\u00e9rer vos demandes, devis ou contrats<\/li>\n\n\n\n<li><strong>Engagement \u00e9coresponsable<\/strong> : proc\u00e9d\u00e9s de nettoyage respectueux de l\u2019environnement<\/li>\n<\/ul>\n\n\n\n<p><strong>Contactez nous (<\/strong>par tel : <strong><strong>04 78 54 38 06<\/strong><\/strong> ou email : <strong>contact@repassageservice.fr) d\u00e8s maintenant pour une offre personnalis\u00e9e<\/strong><\/p>\n\n\n\n<p>Nous nous ferons un plaisir d&#8217;\u00e9tudier vos besoins et de mettre en place une solution de pressing adapt\u00e9e \u00e0 votre activit\u00e9.<\/p>\n\n\n\n<p><\/p>\n","protected":false},"excerpt":{"rendered":"<p>Professionnels, confiez votre linge \u00e0 Lavorama \u2013 Votre partenaire pressing de confiance Vous \u00eates un h\u00f4tel, une r\u00e9sidence \u00e9tudiante, un restaurant, un salon de coiffure, un cabinet m\u00e9dical, un club sportif ou une entreprise ? Gagnez du temps, de la qualit\u00e9 et de la tranquillit\u00e9 d\u2019esprit en confiant l\u2019entretien de votre linge professionnel \u00e0 Lavorama. [&hellip;]<\/p>\n","protected":false},"author":1,"featured_media":0,"parent":0,"menu_order":0,"comment_status":"closed","ping_status":"closed","template":"","meta":{"footnotes":""},"class_list":["post-19","page","type-page","status-publish","hentry"],"yoast_head":"<!-- This site is optimized with the Yoast SEO plugin v27.5 - https:\/\/yoast.com\/product\/yoast-seo-wordpress\/ -->\n<title>Professionnels - Repassage Service<\/title>\n<meta name=\"robots\" content=\"index, follow, max-snippet:-1, max-image-preview:large, max-video-preview:-1\" \/>\n<link rel=\"canonical\" href=\"https:\/\/www.repassageservice.fr\/?page_id=19\" \/>\n<meta property=\"og:locale\" content=\"fr_FR\" \/>\n<meta property=\"og:type\" content=\"article\" \/>\n<meta property=\"og:title\" content=\"Professionnels - Repassage Service\" \/>\n<meta property=\"og:description\" content=\"Professionnels, confiez votre linge \u00e0 Lavorama \u2013 Votre partenaire pressing de confiance Vous \u00eates un h\u00f4tel, une r\u00e9sidence \u00e9tudiante, un restaurant, un salon de coiffure, un cabinet m\u00e9dical, un club sportif ou une entreprise ? Gagnez du temps, de la qualit\u00e9 et de la tranquillit\u00e9 d\u2019esprit en confiant l\u2019entretien de votre linge professionnel \u00e0 Lavorama. [&hellip;]\" \/>\n<meta property=\"og:url\" content=\"https:\/\/www.repassageservice.fr\/?page_id=19\" \/>\n<meta property=\"og:site_name\" content=\"Repassage Service\" \/>\n<meta property=\"article:modified_time\" content=\"2025-10-05T12:35:01+00:00\" \/>\n<meta name=\"twitter:card\" content=\"summary_large_image\" \/>\n<meta name=\"twitter:label1\" content=\"Dur\u00e9e de lecture estim\u00e9e\" \/>\n\t<meta name=\"twitter:data1\" content=\"1 minute\" \/>\n<script type=\"application\/ld+json\" class=\"yoast-schema-graph\">{\"@context\":\"https:\\\/\\\/schema.org\",\"@graph\":[{\"@type\":\"WebPage\",\"@id\":\"https:\\\/\\\/www.repassageservice.fr\\\/?page_id=19\",\"url\":\"https:\\\/\\\/www.repassageservice.fr\\\/?page_id=19\",\"name\":\"Professionnels - Repassage Service\",\"isPartOf\":{\"@id\":\"https:\\\/\\\/www.repassageservice.fr\\\/#website\"},\"datePublished\":\"2025-09-21T21:32:54+00:00\",\"dateModified\":\"2025-10-05T12:35:01+00:00\",\"breadcrumb\":{\"@id\":\"https:\\\/\\\/www.repassageservice.fr\\\/?page_id=19#breadcrumb\"},\"inLanguage\":\"fr-FR\",\"potentialAction\":[{\"@type\":\"ReadAction\",\"target\":[\"https:\\\/\\\/www.repassageservice.fr\\\/?page_id=19\"]}]},{\"@type\":\"BreadcrumbList\",\"@id\":\"https:\\\/\\\/www.repassageservice.fr\\\/?page_id=19#breadcrumb\",\"itemListElement\":[{\"@type\":\"ListItem\",\"position\":1,\"name\":\"Accueil\",\"item\":\"https:\\\/\\\/www.repassageservice.fr\\\/\"},{\"@type\":\"ListItem\",\"position\":2,\"name\":\"Professionnels\"}]},{\"@type\":\"WebSite\",\"@id\":\"https:\\\/\\\/www.repassageservice.fr\\\/#website\",\"url\":\"https:\\\/\\\/www.repassageservice.fr\\\/\",\"name\":\"Repassage Service\",\"description\":\"\",\"publisher\":{\"@id\":\"https:\\\/\\\/www.repassageservice.fr\\\/#organization\"},\"potentialAction\":[{\"@type\":\"SearchAction\",\"target\":{\"@type\":\"EntryPoint\",\"urlTemplate\":\"https:\\\/\\\/www.repassageservice.fr\\\/?s={search_term_string}\"},\"query-input\":{\"@type\":\"PropertyValueSpecification\",\"valueRequired\":true,\"valueName\":\"search_term_string\"}}],\"inLanguage\":\"fr-FR\"},{\"@type\":\"Organization\",\"@id\":\"https:\\\/\\\/www.repassageservice.fr\\\/#organization\",\"name\":\"Repassage Service\",\"url\":\"https:\\\/\\\/www.repassageservice.fr\\\/\",\"logo\":{\"@type\":\"ImageObject\",\"inLanguage\":\"fr-FR\",\"@id\":\"https:\\\/\\\/www.repassageservice.fr\\\/#\\\/schema\\\/logo\\\/image\\\/\",\"url\":\"https:\\\/\\\/www.repassageservice.fr\\\/wp-content\\\/uploads\\\/2025\\\/10\\\/LARS.png\",\"contentUrl\":\"https:\\\/\\\/www.repassageservice.fr\\\/wp-content\\\/uploads\\\/2025\\\/10\\\/LARS.png\",\"width\":900,\"height\":325,\"caption\":\"Repassage Service\"},\"image\":{\"@id\":\"https:\\\/\\\/www.repassageservice.fr\\\/#\\\/schema\\\/logo\\\/image\\\/\"}}]}<\/script>\n<!-- \/ Yoast SEO plugin. -->","yoast_head_json":{"title":"Professionnels - Repassage Service","robots":{"index":"index","follow":"follow","max-snippet":"max-snippet:-1","max-image-preview":"max-image-preview:large","max-video-preview":"max-video-preview:-1"},"canonical":"https:\/\/www.repassageservice.fr\/?page_id=19","og_locale":"fr_FR","og_type":"article","og_title":"Professionnels - Repassage Service","og_description":"Professionnels, confiez votre linge \u00e0 Lavorama \u2013 Votre partenaire pressing de confiance Vous \u00eates un h\u00f4tel, une r\u00e9sidence \u00e9tudiante, un restaurant, un salon de coiffure, un cabinet m\u00e9dical, un club sportif ou une entreprise ? Gagnez du temps, de la qualit\u00e9 et de la tranquillit\u00e9 d\u2019esprit en confiant l\u2019entretien de votre linge professionnel \u00e0 Lavorama. [&hellip;]","og_url":"https:\/\/www.repassageservice.fr\/?page_id=19","og_site_name":"Repassage Service","article_modified_time":"2025-10-05T12:35:01+00:00","twitter_card":"summary_large_image","twitter_misc":{"Dur\u00e9e de lecture estim\u00e9e":"1 minute"},"schema":{"@context":"https:\/\/schema.org","@graph":[{"@type":"WebPage","@id":"https:\/\/www.repassageservice.fr\/?page_id=19","url":"https:\/\/www.repassageservice.fr\/?page_id=19","name":"Professionnels - Repassage Service","isPartOf":{"@id":"https:\/\/www.repassageservice.fr\/#website"},"datePublished":"2025-09-21T21:32:54+00:00","dateModified":"2025-10-05T12:35:01+00:00","breadcrumb":{"@id":"https:\/\/www.repassageservice.fr\/?page_id=19#breadcrumb"},"inLanguage":"fr-FR","potentialAction":[{"@type":"ReadAction","target":["https:\/\/www.repassageservice.fr\/?page_id=19"]}]},{"@type":"BreadcrumbList","@id":"https:\/\/www.repassageservice.fr\/?page_id=19#breadcrumb","itemListElement":[{"@type":"ListItem","position":1,"name":"Accueil","item":"https:\/\/www.repassageservice.fr\/"},{"@type":"ListItem","position":2,"name":"Professionnels"}]},{"@type":"WebSite","@id":"https:\/\/www.repassageservice.fr\/#website","url":"https:\/\/www.repassageservice.fr\/","name":"Repassage Service","description":"","publisher":{"@id":"https:\/\/www.repassageservice.fr\/#organization"},"potentialAction":[{"@type":"SearchAction","target":{"@type":"EntryPoint","urlTemplate":"https:\/\/www.repassageservice.fr\/?s={search_term_string}"},"query-input":{"@type":"PropertyValueSpecification","valueRequired":true,"valueName":"search_term_string"}}],"inLanguage":"fr-FR"},{"@type":"Organization","@id":"https:\/\/www.repassageservice.fr\/#organization","name":"Repassage Service","url":"https:\/\/www.repassageservice.fr\/","logo":{"@type":"ImageObject","inLanguage":"fr-FR","@id":"https:\/\/www.repassageservice.fr\/#\/schema\/logo\/image\/","url":"https:\/\/www.repassageservice.fr\/wp-content\/uploads\/2025\/10\/LARS.png","contentUrl":"https:\/\/www.repassageservice.fr\/wp-content\/uploads\/2025\/10\/LARS.png","width":900,"height":325,"caption":"Repassage Service"},"image":{"@id":"https:\/\/www.repassageservice.fr\/#\/schema\/logo\/image\/"}}]}},"_links":{"self":[{"href":"https:\/\/www.repassageservice.fr\/index.php?rest_route=\/wp\/v2\/pages\/19","targetHints":{"allow":["GET"]}}],"collection":[{"href":"https:\/\/www.repassageservice.fr\/index.php?rest_route=\/wp\/v2\/pages"}],"about":[{"href":"https:\/\/www.repassageservice.fr\/index.php?rest_route=\/wp\/v2\/types\/page"}],"author":[{"embeddable":true,"href":"https:\/\/www.repassageservice.fr\/index.php?rest_route=\/wp\/v2\/users\/1"}],"replies":[{"embeddable":true,"href":"https:\/\/www.repassageservice.fr\/index.php?rest_route=%2Fwp%2Fv2%2Fcomments&post=19"}],"version-history":[{"count":0,"href":"https:\/\/www.repassageservice.fr\/index.php?rest_route=\/wp\/v2\/pages\/19\/revisions"}],"wp:attachment":[{"href":"https:\/\/www.repassageservice.fr\/index.php?rest_route=%2Fwp%2Fv2%2Fmedia&parent=19"}],"curies":[{"name":"wp","href":"https:\/\/api.w.org\/{rel}","templated":true}]}}