{"id":205,"date":"2025-10-05T14:35:49","date_gmt":"2025-10-05T12:35:49","guid":{"rendered":"https:\/\/www.repassageservice.fr\/?page_id=205"},"modified":"2025-10-05T14:36:10","modified_gmt":"2025-10-05T12:36:10","slug":"intervention-apres-sinistre","status":"publish","type":"page","link":"https:\/\/www.repassageservice.fr\/?page_id=205","title":{"rendered":"Intervention apr\u00e8s sinistre"},"content":{"rendered":"\n<p>Un sinistre incendie, un d\u00e9g\u00e2t des eaux ou un incident domestique a endommag\u00e9 votre linge ?<br>Ne jetez rien, nous sommes sp\u00e9cialis\u00e9s dans le traitement du linge apr\u00e8s sinistre.<\/p>\n\n\n\n<p>Gr\u00e2ce \u00e0 notre savoir-faire et \u00e0 nos \u00e9quipements professionnels, nous vous aidons \u00e0 r\u00e9cup\u00e9rer vos textiles : v\u00eatements, couettes, rideaux, tapis, linge de maison, etc.<\/p>\n\n\n\n<p>Notre engagement :<\/p>\n\n\n\n<ul class=\"wp-block-list\">\n<li>\u00c9limination des odeurs de fum\u00e9e ou d\u2019humidit\u00e9<\/li>\n\n\n\n<li>Traitements antibact\u00e9riens et d\u00e9sinfection<\/li>\n\n\n\n<li>Soin sp\u00e9cifique selon le type de textile m\u00eame les plus d\u00e9licats<\/li>\n\n\n\n<li>Service rapide et prise en charge efficace\u00a0:\u00a0 tri s\u00e9lectif et \u00e9tablissement d\u2019un devis en 48h.<\/li>\n\n\n\n<li>Collaboration avec les assurances possible<\/li>\n<\/ul>\n\n\n\n<p>Particuliers, professionnels ou gestionnaires d\u2019assurance, faites appel \u00e0 Lavorama pour un service de nettoyage post-sinistre r\u00e9actif, professionnel et \u00e0 la hauteur de vos attentes. Contactez-nous \u00e0 tout moment pour une prise en charge rapide de votre linge apr\u00e8s sinistre.<\/p>\n","protected":false},"excerpt":{"rendered":"<p>Un sinistre incendie, un d\u00e9g\u00e2t des eaux ou un incident domestique a endommag\u00e9 votre linge ?Ne jetez rien, nous sommes sp\u00e9cialis\u00e9s dans le traitement du linge apr\u00e8s sinistre. Gr\u00e2ce \u00e0 notre savoir-faire et \u00e0 nos \u00e9quipements professionnels, nous vous aidons \u00e0 r\u00e9cup\u00e9rer vos textiles : v\u00eatements, couettes, rideaux, tapis, linge de maison, etc. Notre engagement [&hellip;]<\/p>\n","protected":false},"author":1,"featured_media":0,"parent":0,"menu_order":0,"comment_status":"closed","ping_status":"closed","template":"","meta":{"footnotes":""},"class_list":["post-205","page","type-page","status-publish","hentry"],"yoast_head":"<!-- This site is optimized with the Yoast SEO plugin v27.5 - https:\/\/yoast.com\/product\/yoast-seo-wordpress\/ -->\n<title>Intervention apr\u00e8s sinistre - Repassage Service<\/title>\n<meta name=\"robots\" content=\"index, follow, max-snippet:-1, max-image-preview:large, max-video-preview:-1\" \/>\n<link rel=\"canonical\" href=\"https:\/\/www.repassageservice.fr\/?page_id=205\" \/>\n<meta property=\"og:locale\" content=\"fr_FR\" \/>\n<meta property=\"og:type\" content=\"article\" \/>\n<meta property=\"og:title\" content=\"Intervention apr\u00e8s sinistre - Repassage Service\" \/>\n<meta property=\"og:description\" content=\"Un sinistre incendie, un d\u00e9g\u00e2t des eaux ou un incident domestique a endommag\u00e9 votre linge ?Ne jetez rien, nous sommes sp\u00e9cialis\u00e9s dans le traitement du linge apr\u00e8s sinistre. Gr\u00e2ce \u00e0 notre savoir-faire et \u00e0 nos \u00e9quipements professionnels, nous vous aidons \u00e0 r\u00e9cup\u00e9rer vos textiles : v\u00eatements, couettes, rideaux, tapis, linge de maison, etc. Notre engagement [&hellip;]\" \/>\n<meta property=\"og:url\" content=\"https:\/\/www.repassageservice.fr\/?page_id=205\" \/>\n<meta property=\"og:site_name\" content=\"Repassage Service\" \/>\n<meta property=\"article:modified_time\" content=\"2025-10-05T12:36:10+00:00\" \/>\n<meta name=\"twitter:card\" content=\"summary_large_image\" \/>\n<meta name=\"twitter:label1\" content=\"Dur\u00e9e de lecture estim\u00e9e\" \/>\n\t<meta name=\"twitter:data1\" content=\"1 minute\" \/>\n<script type=\"application\/ld+json\" class=\"yoast-schema-graph\">{\"@context\":\"https:\\\/\\\/schema.org\",\"@graph\":[{\"@type\":\"WebPage\",\"@id\":\"https:\\\/\\\/www.repassageservice.fr\\\/?page_id=205\",\"url\":\"https:\\\/\\\/www.repassageservice.fr\\\/?page_id=205\",\"name\":\"Intervention apr\u00e8s sinistre - Repassage Service\",\"isPartOf\":{\"@id\":\"https:\\\/\\\/www.repassageservice.fr\\\/#website\"},\"datePublished\":\"2025-10-05T12:35:49+00:00\",\"dateModified\":\"2025-10-05T12:36:10+00:00\",\"breadcrumb\":{\"@id\":\"https:\\\/\\\/www.repassageservice.fr\\\/?page_id=205#breadcrumb\"},\"inLanguage\":\"fr-FR\",\"potentialAction\":[{\"@type\":\"ReadAction\",\"target\":[\"https:\\\/\\\/www.repassageservice.fr\\\/?page_id=205\"]}]},{\"@type\":\"BreadcrumbList\",\"@id\":\"https:\\\/\\\/www.repassageservice.fr\\\/?page_id=205#breadcrumb\",\"itemListElement\":[{\"@type\":\"ListItem\",\"position\":1,\"name\":\"Accueil\",\"item\":\"https:\\\/\\\/www.repassageservice.fr\\\/\"},{\"@type\":\"ListItem\",\"position\":2,\"name\":\"Intervention apr\u00e8s sinistre\"}]},{\"@type\":\"WebSite\",\"@id\":\"https:\\\/\\\/www.repassageservice.fr\\\/#website\",\"url\":\"https:\\\/\\\/www.repassageservice.fr\\\/\",\"name\":\"Repassage Service\",\"description\":\"\",\"publisher\":{\"@id\":\"https:\\\/\\\/www.repassageservice.fr\\\/#organization\"},\"potentialAction\":[{\"@type\":\"SearchAction\",\"target\":{\"@type\":\"EntryPoint\",\"urlTemplate\":\"https:\\\/\\\/www.repassageservice.fr\\\/?s={search_term_string}\"},\"query-input\":{\"@type\":\"PropertyValueSpecification\",\"valueRequired\":true,\"valueName\":\"search_term_string\"}}],\"inLanguage\":\"fr-FR\"},{\"@type\":\"Organization\",\"@id\":\"https:\\\/\\\/www.repassageservice.fr\\\/#organization\",\"name\":\"Repassage Service\",\"url\":\"https:\\\/\\\/www.repassageservice.fr\\\/\",\"logo\":{\"@type\":\"ImageObject\",\"inLanguage\":\"fr-FR\",\"@id\":\"https:\\\/\\\/www.repassageservice.fr\\\/#\\\/schema\\\/logo\\\/image\\\/\",\"url\":\"https:\\\/\\\/www.repassageservice.fr\\\/wp-content\\\/uploads\\\/2025\\\/10\\\/LARS.png\",\"contentUrl\":\"https:\\\/\\\/www.repassageservice.fr\\\/wp-content\\\/uploads\\\/2025\\\/10\\\/LARS.png\",\"width\":900,\"height\":325,\"caption\":\"Repassage Service\"},\"image\":{\"@id\":\"https:\\\/\\\/www.repassageservice.fr\\\/#\\\/schema\\\/logo\\\/image\\\/\"}}]}<\/script>\n<!-- \/ Yoast SEO plugin. -->","yoast_head_json":{"title":"Intervention apr\u00e8s sinistre - Repassage Service","robots":{"index":"index","follow":"follow","max-snippet":"max-snippet:-1","max-image-preview":"max-image-preview:large","max-video-preview":"max-video-preview:-1"},"canonical":"https:\/\/www.repassageservice.fr\/?page_id=205","og_locale":"fr_FR","og_type":"article","og_title":"Intervention apr\u00e8s sinistre - Repassage Service","og_description":"Un sinistre incendie, un d\u00e9g\u00e2t des eaux ou un incident domestique a endommag\u00e9 votre linge ?Ne jetez rien, nous sommes sp\u00e9cialis\u00e9s dans le traitement du linge apr\u00e8s sinistre. Gr\u00e2ce \u00e0 notre savoir-faire et \u00e0 nos \u00e9quipements professionnels, nous vous aidons \u00e0 r\u00e9cup\u00e9rer vos textiles : v\u00eatements, couettes, rideaux, tapis, linge de maison, etc. Notre engagement [&hellip;]","og_url":"https:\/\/www.repassageservice.fr\/?page_id=205","og_site_name":"Repassage Service","article_modified_time":"2025-10-05T12:36:10+00:00","twitter_card":"summary_large_image","twitter_misc":{"Dur\u00e9e de lecture estim\u00e9e":"1 minute"},"schema":{"@context":"https:\/\/schema.org","@graph":[{"@type":"WebPage","@id":"https:\/\/www.repassageservice.fr\/?page_id=205","url":"https:\/\/www.repassageservice.fr\/?page_id=205","name":"Intervention apr\u00e8s sinistre - Repassage Service","isPartOf":{"@id":"https:\/\/www.repassageservice.fr\/#website"},"datePublished":"2025-10-05T12:35:49+00:00","dateModified":"2025-10-05T12:36:10+00:00","breadcrumb":{"@id":"https:\/\/www.repassageservice.fr\/?page_id=205#breadcrumb"},"inLanguage":"fr-FR","potentialAction":[{"@type":"ReadAction","target":["https:\/\/www.repassageservice.fr\/?page_id=205"]}]},{"@type":"BreadcrumbList","@id":"https:\/\/www.repassageservice.fr\/?page_id=205#breadcrumb","itemListElement":[{"@type":"ListItem","position":1,"name":"Accueil","item":"https:\/\/www.repassageservice.fr\/"},{"@type":"ListItem","position":2,"name":"Intervention apr\u00e8s sinistre"}]},{"@type":"WebSite","@id":"https:\/\/www.repassageservice.fr\/#website","url":"https:\/\/www.repassageservice.fr\/","name":"Repassage Service","description":"","publisher":{"@id":"https:\/\/www.repassageservice.fr\/#organization"},"potentialAction":[{"@type":"SearchAction","target":{"@type":"EntryPoint","urlTemplate":"https:\/\/www.repassageservice.fr\/?s={search_term_string}"},"query-input":{"@type":"PropertyValueSpecification","valueRequired":true,"valueName":"search_term_string"}}],"inLanguage":"fr-FR"},{"@type":"Organization","@id":"https:\/\/www.repassageservice.fr\/#organization","name":"Repassage Service","url":"https:\/\/www.repassageservice.fr\/","logo":{"@type":"ImageObject","inLanguage":"fr-FR","@id":"https:\/\/www.repassageservice.fr\/#\/schema\/logo\/image\/","url":"https:\/\/www.repassageservice.fr\/wp-content\/uploads\/2025\/10\/LARS.png","contentUrl":"https:\/\/www.repassageservice.fr\/wp-content\/uploads\/2025\/10\/LARS.png","width":900,"height":325,"caption":"Repassage Service"},"image":{"@id":"https:\/\/www.repassageservice.fr\/#\/schema\/logo\/image\/"}}]}},"_links":{"self":[{"href":"https:\/\/www.repassageservice.fr\/index.php?rest_route=\/wp\/v2\/pages\/205","targetHints":{"allow":["GET"]}}],"collection":[{"href":"https:\/\/www.repassageservice.fr\/index.php?rest_route=\/wp\/v2\/pages"}],"about":[{"href":"https:\/\/www.repassageservice.fr\/index.php?rest_route=\/wp\/v2\/types\/page"}],"author":[{"embeddable":true,"href":"https:\/\/www.repassageservice.fr\/index.php?rest_route=\/wp\/v2\/users\/1"}],"replies":[{"embeddable":true,"href":"https:\/\/www.repassageservice.fr\/index.php?rest_route=%2Fwp%2Fv2%2Fcomments&post=205"}],"version-history":[{"count":0,"href":"https:\/\/www.repassageservice.fr\/index.php?rest_route=\/wp\/v2\/pages\/205\/revisions"}],"wp:attachment":[{"href":"https:\/\/www.repassageservice.fr\/index.php?rest_route=%2Fwp%2Fv2%2Fmedia&parent=205"}],"curies":[{"name":"wp","href":"https:\/\/api.w.org\/{rel}","templated":true}]}}