{"id":21,"date":"2025-09-21T23:32:19","date_gmt":"2025-09-21T21:32:19","guid":{"rendered":"https:\/\/www.repassageservice.fr\/?page_id=21"},"modified":"2025-10-05T21:07:02","modified_gmt":"2025-10-05T19:07:02","slug":"nettoyage_a_sec","status":"publish","type":"page","link":"https:\/\/www.repassageservice.fr\/?page_id=21","title":{"rendered":"Pressing &#8211; Nettoyage \u00e0 sec"},"content":{"rendered":"\n<p><strong>Offrez \u00e0 vos v\u00eatements le soin qu\u2019ils m\u00e9ritent avec notre service de pressing !<\/strong><br>Vous avez des v\u00eatements d\u00e9licats ou des tissus qui n\u00e9cessitent une attention particuli\u00e8re ? Ne vous inqui\u00e9tez plus, notre pressing est l\u00e0 pour vous offrir un nettoyage professionnel et impeccable !<\/p>\n\n\n\n<p><strong>Pourquoi choisir notre service de pressing ?<\/strong><\/p>\n\n\n\n<ul class=\"wp-block-list\">\n<li><strong>Soin sp\u00e9cialis\u00e9 pour vos textiles d\u00e9licats<\/strong> : Du costume en laine \u00e0 la robe en soie, nous savons comment traiter vos v\u00eatements les plus fragiles.<\/li>\n\n\n\n<li><strong>Nettoyage haute qualit\u00e9<\/strong> : Nous utilisons des produits et des techniques de nettoyage de pointe pour garantir un maximum de bons r\u00e9sultats.<\/li>\n\n\n\n<li><strong>Service rapide et pratique<\/strong> : Plus besoin de vous d\u00e9placer&nbsp;; r\u00e9servez en ligne \u00e0 tout moment, et nous prenons en charge votre linge pour un nettoyage impeccable.<\/li>\n\n\n\n<li><strong>Flexibilit\u00e9<\/strong> : Nous nous adaptons \u00e0 vos horaires, pour que vous puissiez r\u00e9cup\u00e9rer vos v\u00eatements dans les plus brefs d\u00e9lais chez vous ou sur votre lieu de travail.<\/li>\n\n\n\n<li><strong>Prix comp\u00e9titifs<\/strong> : Profitez d\u2019un service de qualit\u00e9 \u00e0 des tarifs accessibles.<\/li>\n<\/ul>\n\n\n\n<p><strong>Ne laissez pas vos v\u00eatements pr\u00e9cieux perdre de leur \u00e9clat !<\/strong><br><strong>R\u00e9servez d\u00e8s maintenant<\/strong> et redonnez vie \u00e0 vos tenues avec notre service de pressing professionnel.<\/p>\n\n\n\n<p>Nous vous proposons un pressing nouvelle g\u00e9n\u00e9ration : plus \u00e9cologique et plus \u00e9conomique pour une qualit\u00e9 garantie.<\/p>\n\n\n\n<p><\/p>\n\n\n<div class=\"wp-block-image\">\n<figure class=\"aligncenter size-large\"><img fetchpriority=\"high\" decoding=\"async\" width=\"1024\" height=\"683\" src=\"https:\/\/www.repassageservice.fr\/wp-content\/uploads\/2025\/09\/pressing-1024x683.png\" alt=\"\" class=\"wp-image-179\" srcset=\"https:\/\/www.repassageservice.fr\/wp-content\/uploads\/2025\/09\/pressing-1024x683.png 1024w, https:\/\/www.repassageservice.fr\/wp-content\/uploads\/2025\/09\/pressing-300x200.png 300w, https:\/\/www.repassageservice.fr\/wp-content\/uploads\/2025\/09\/pressing-768x512.png 768w, https:\/\/www.repassageservice.fr\/wp-content\/uploads\/2025\/09\/pressing.png 1536w\" sizes=\"(max-width: 1024px) 100vw, 1024px\" \/><\/figure>\n<\/div>","protected":false},"excerpt":{"rendered":"<p>Offrez \u00e0 vos v\u00eatements le soin qu\u2019ils m\u00e9ritent avec notre service de pressing !Vous avez des v\u00eatements d\u00e9licats ou des tissus qui n\u00e9cessitent une attention particuli\u00e8re ? Ne vous inqui\u00e9tez plus, notre pressing est l\u00e0 pour vous offrir un nettoyage professionnel et impeccable ! Pourquoi choisir notre service de pressing ? Ne laissez pas vos [&hellip;]<\/p>\n","protected":false},"author":1,"featured_media":0,"parent":0,"menu_order":0,"comment_status":"closed","ping_status":"closed","template":"","meta":{"footnotes":""},"class_list":["post-21","page","type-page","status-publish","hentry"],"yoast_head":"<!-- This site is optimized with the Yoast SEO plugin v27.5 - https:\/\/yoast.com\/product\/yoast-seo-wordpress\/ -->\n<title>Pressing - Nettoyage \u00e0 sec - Repassage Service<\/title>\n<meta name=\"robots\" content=\"index, follow, max-snippet:-1, max-image-preview:large, max-video-preview:-1\" \/>\n<link rel=\"canonical\" href=\"https:\/\/www.repassageservice.fr\/?page_id=21\" \/>\n<meta property=\"og:locale\" content=\"fr_FR\" \/>\n<meta property=\"og:type\" content=\"article\" \/>\n<meta property=\"og:title\" content=\"Pressing - Nettoyage \u00e0 sec - Repassage Service\" \/>\n<meta property=\"og:description\" content=\"Offrez \u00e0 vos v\u00eatements le soin qu\u2019ils m\u00e9ritent avec notre service de pressing !Vous avez des v\u00eatements d\u00e9licats ou des tissus qui n\u00e9cessitent une attention particuli\u00e8re ? Ne vous inqui\u00e9tez plus, notre pressing est l\u00e0 pour vous offrir un nettoyage professionnel et impeccable ! Pourquoi choisir notre service de pressing ? Ne laissez pas vos [&hellip;]\" \/>\n<meta property=\"og:url\" content=\"https:\/\/www.repassageservice.fr\/?page_id=21\" \/>\n<meta property=\"og:site_name\" content=\"Repassage Service\" \/>\n<meta property=\"article:modified_time\" content=\"2025-10-05T19:07:02+00:00\" \/>\n<meta property=\"og:image\" content=\"https:\/\/www.repassageservice.fr\/wp-content\/uploads\/2025\/09\/pressing-1024x683.png\" \/>\n\t<meta property=\"og:image:width\" content=\"1024\" \/>\n\t<meta property=\"og:image:height\" content=\"683\" \/>\n\t<meta property=\"og:image:type\" content=\"image\/png\" \/>\n<meta name=\"twitter:card\" content=\"summary_large_image\" \/>\n<meta name=\"twitter:label1\" content=\"Dur\u00e9e de lecture estim\u00e9e\" \/>\n\t<meta name=\"twitter:data1\" content=\"1 minute\" \/>\n<script type=\"application\/ld+json\" class=\"yoast-schema-graph\">{\"@context\":\"https:\\\/\\\/schema.org\",\"@graph\":[{\"@type\":\"WebPage\",\"@id\":\"https:\\\/\\\/www.repassageservice.fr\\\/?page_id=21\",\"url\":\"https:\\\/\\\/www.repassageservice.fr\\\/?page_id=21\",\"name\":\"Pressing - Nettoyage \u00e0 sec - Repassage Service\",\"isPartOf\":{\"@id\":\"https:\\\/\\\/www.repassageservice.fr\\\/#website\"},\"primaryImageOfPage\":{\"@id\":\"https:\\\/\\\/www.repassageservice.fr\\\/?page_id=21#primaryimage\"},\"image\":{\"@id\":\"https:\\\/\\\/www.repassageservice.fr\\\/?page_id=21#primaryimage\"},\"thumbnailUrl\":\"https:\\\/\\\/www.repassageservice.fr\\\/wp-content\\\/uploads\\\/2025\\\/09\\\/pressing-1024x683.png\",\"datePublished\":\"2025-09-21T21:32:19+00:00\",\"dateModified\":\"2025-10-05T19:07:02+00:00\",\"breadcrumb\":{\"@id\":\"https:\\\/\\\/www.repassageservice.fr\\\/?page_id=21#breadcrumb\"},\"inLanguage\":\"fr-FR\",\"potentialAction\":[{\"@type\":\"ReadAction\",\"target\":[\"https:\\\/\\\/www.repassageservice.fr\\\/?page_id=21\"]}]},{\"@type\":\"ImageObject\",\"inLanguage\":\"fr-FR\",\"@id\":\"https:\\\/\\\/www.repassageservice.fr\\\/?page_id=21#primaryimage\",\"url\":\"https:\\\/\\\/www.repassageservice.fr\\\/wp-content\\\/uploads\\\/2025\\\/09\\\/pressing.png\",\"contentUrl\":\"https:\\\/\\\/www.repassageservice.fr\\\/wp-content\\\/uploads\\\/2025\\\/09\\\/pressing.png\",\"width\":1536,\"height\":1024},{\"@type\":\"BreadcrumbList\",\"@id\":\"https:\\\/\\\/www.repassageservice.fr\\\/?page_id=21#breadcrumb\",\"itemListElement\":[{\"@type\":\"ListItem\",\"position\":1,\"name\":\"Accueil\",\"item\":\"https:\\\/\\\/www.repassageservice.fr\\\/\"},{\"@type\":\"ListItem\",\"position\":2,\"name\":\"Pressing &#8211; Nettoyage \u00e0 sec\"}]},{\"@type\":\"WebSite\",\"@id\":\"https:\\\/\\\/www.repassageservice.fr\\\/#website\",\"url\":\"https:\\\/\\\/www.repassageservice.fr\\\/\",\"name\":\"Repassage Service\",\"description\":\"\",\"publisher\":{\"@id\":\"https:\\\/\\\/www.repassageservice.fr\\\/#organization\"},\"potentialAction\":[{\"@type\":\"SearchAction\",\"target\":{\"@type\":\"EntryPoint\",\"urlTemplate\":\"https:\\\/\\\/www.repassageservice.fr\\\/?s={search_term_string}\"},\"query-input\":{\"@type\":\"PropertyValueSpecification\",\"valueRequired\":true,\"valueName\":\"search_term_string\"}}],\"inLanguage\":\"fr-FR\"},{\"@type\":\"Organization\",\"@id\":\"https:\\\/\\\/www.repassageservice.fr\\\/#organization\",\"name\":\"Repassage Service\",\"url\":\"https:\\\/\\\/www.repassageservice.fr\\\/\",\"logo\":{\"@type\":\"ImageObject\",\"inLanguage\":\"fr-FR\",\"@id\":\"https:\\\/\\\/www.repassageservice.fr\\\/#\\\/schema\\\/logo\\\/image\\\/\",\"url\":\"https:\\\/\\\/www.repassageservice.fr\\\/wp-content\\\/uploads\\\/2025\\\/10\\\/LARS.png\",\"contentUrl\":\"https:\\\/\\\/www.repassageservice.fr\\\/wp-content\\\/uploads\\\/2025\\\/10\\\/LARS.png\",\"width\":900,\"height\":325,\"caption\":\"Repassage Service\"},\"image\":{\"@id\":\"https:\\\/\\\/www.repassageservice.fr\\\/#\\\/schema\\\/logo\\\/image\\\/\"}}]}<\/script>\n<!-- \/ Yoast SEO plugin. -->","yoast_head_json":{"title":"Pressing - Nettoyage \u00e0 sec - Repassage Service","robots":{"index":"index","follow":"follow","max-snippet":"max-snippet:-1","max-image-preview":"max-image-preview:large","max-video-preview":"max-video-preview:-1"},"canonical":"https:\/\/www.repassageservice.fr\/?page_id=21","og_locale":"fr_FR","og_type":"article","og_title":"Pressing - Nettoyage \u00e0 sec - Repassage Service","og_description":"Offrez \u00e0 vos v\u00eatements le soin qu\u2019ils m\u00e9ritent avec notre service de pressing !Vous avez des v\u00eatements d\u00e9licats ou des tissus qui n\u00e9cessitent une attention particuli\u00e8re ? Ne vous inqui\u00e9tez plus, notre pressing est l\u00e0 pour vous offrir un nettoyage professionnel et impeccable ! Pourquoi choisir notre service de pressing ? Ne laissez pas vos [&hellip;]","og_url":"https:\/\/www.repassageservice.fr\/?page_id=21","og_site_name":"Repassage Service","article_modified_time":"2025-10-05T19:07:02+00:00","og_image":[{"width":1024,"height":683,"url":"https:\/\/www.repassageservice.fr\/wp-content\/uploads\/2025\/09\/pressing-1024x683.png","type":"image\/png"}],"twitter_card":"summary_large_image","twitter_misc":{"Dur\u00e9e de lecture estim\u00e9e":"1 minute"},"schema":{"@context":"https:\/\/schema.org","@graph":[{"@type":"WebPage","@id":"https:\/\/www.repassageservice.fr\/?page_id=21","url":"https:\/\/www.repassageservice.fr\/?page_id=21","name":"Pressing - Nettoyage \u00e0 sec - Repassage Service","isPartOf":{"@id":"https:\/\/www.repassageservice.fr\/#website"},"primaryImageOfPage":{"@id":"https:\/\/www.repassageservice.fr\/?page_id=21#primaryimage"},"image":{"@id":"https:\/\/www.repassageservice.fr\/?page_id=21#primaryimage"},"thumbnailUrl":"https:\/\/www.repassageservice.fr\/wp-content\/uploads\/2025\/09\/pressing-1024x683.png","datePublished":"2025-09-21T21:32:19+00:00","dateModified":"2025-10-05T19:07:02+00:00","breadcrumb":{"@id":"https:\/\/www.repassageservice.fr\/?page_id=21#breadcrumb"},"inLanguage":"fr-FR","potentialAction":[{"@type":"ReadAction","target":["https:\/\/www.repassageservice.fr\/?page_id=21"]}]},{"@type":"ImageObject","inLanguage":"fr-FR","@id":"https:\/\/www.repassageservice.fr\/?page_id=21#primaryimage","url":"https:\/\/www.repassageservice.fr\/wp-content\/uploads\/2025\/09\/pressing.png","contentUrl":"https:\/\/www.repassageservice.fr\/wp-content\/uploads\/2025\/09\/pressing.png","width":1536,"height":1024},{"@type":"BreadcrumbList","@id":"https:\/\/www.repassageservice.fr\/?page_id=21#breadcrumb","itemListElement":[{"@type":"ListItem","position":1,"name":"Accueil","item":"https:\/\/www.repassageservice.fr\/"},{"@type":"ListItem","position":2,"name":"Pressing &#8211; Nettoyage \u00e0 sec"}]},{"@type":"WebSite","@id":"https:\/\/www.repassageservice.fr\/#website","url":"https:\/\/www.repassageservice.fr\/","name":"Repassage Service","description":"","publisher":{"@id":"https:\/\/www.repassageservice.fr\/#organization"},"potentialAction":[{"@type":"SearchAction","target":{"@type":"EntryPoint","urlTemplate":"https:\/\/www.repassageservice.fr\/?s={search_term_string}"},"query-input":{"@type":"PropertyValueSpecification","valueRequired":true,"valueName":"search_term_string"}}],"inLanguage":"fr-FR"},{"@type":"Organization","@id":"https:\/\/www.repassageservice.fr\/#organization","name":"Repassage Service","url":"https:\/\/www.repassageservice.fr\/","logo":{"@type":"ImageObject","inLanguage":"fr-FR","@id":"https:\/\/www.repassageservice.fr\/#\/schema\/logo\/image\/","url":"https:\/\/www.repassageservice.fr\/wp-content\/uploads\/2025\/10\/LARS.png","contentUrl":"https:\/\/www.repassageservice.fr\/wp-content\/uploads\/2025\/10\/LARS.png","width":900,"height":325,"caption":"Repassage Service"},"image":{"@id":"https:\/\/www.repassageservice.fr\/#\/schema\/logo\/image\/"}}]}},"_links":{"self":[{"href":"https:\/\/www.repassageservice.fr\/index.php?rest_route=\/wp\/v2\/pages\/21","targetHints":{"allow":["GET"]}}],"collection":[{"href":"https:\/\/www.repassageservice.fr\/index.php?rest_route=\/wp\/v2\/pages"}],"about":[{"href":"https:\/\/www.repassageservice.fr\/index.php?rest_route=\/wp\/v2\/types\/page"}],"author":[{"embeddable":true,"href":"https:\/\/www.repassageservice.fr\/index.php?rest_route=\/wp\/v2\/users\/1"}],"replies":[{"embeddable":true,"href":"https:\/\/www.repassageservice.fr\/index.php?rest_route=%2Fwp%2Fv2%2Fcomments&post=21"}],"version-history":[{"count":0,"href":"https:\/\/www.repassageservice.fr\/index.php?rest_route=\/wp\/v2\/pages\/21\/revisions"}],"wp:attachment":[{"href":"https:\/\/www.repassageservice.fr\/index.php?rest_route=%2Fwp%2Fv2%2Fmedia&parent=21"}],"curies":[{"name":"wp","href":"https:\/\/api.w.org\/{rel}","templated":true}]}}