{"id":23,"date":"2025-09-21T23:31:51","date_gmt":"2025-09-21T21:31:51","guid":{"rendered":"https:\/\/www.repassageservice.fr\/?page_id=23"},"modified":"2025-10-05T21:08:24","modified_gmt":"2025-10-05T19:08:24","slug":"ameublement","status":"publish","type":"page","link":"https:\/\/www.repassageservice.fr\/?page_id=23","title":{"rendered":"Blanchisserie &#8211; Couettes &#8211; Tapis"},"content":{"rendered":"\n<p><strong>Blanchisserie &amp; Couettes : offrez \u00e0 votre linge un nettoyage en profondeur !<\/strong><\/p>\n\n\n\n<p>Votre couette a besoin d\u2019un bon rafra\u00eechissement&nbsp;; Draps, couvertures, oreillers, serviettes\u2026 Nous nous occupons de tout. Notre service de blanchisserie est sp\u00e9cialement con\u00e7u pour le <strong>articles volumineux<\/strong> et <strong>textiles de maison<\/strong> qui ne rentrent pas dans une machine classique ou qui n\u00e9cessitent un soin particulier.<\/p>\n\n\n\n<p><strong>Pourquoi faire appel \u00e0 nous ?<\/strong><\/p>\n\n\n\n<ul class=\"wp-block-list\">\n<li><strong>Nettoyage en profondeur<\/strong> : Nous \u00e9liminons acariens, t\u00e2ches, odeurs et bact\u00e9ries pour un linge frais, propre et sain.<\/li>\n\n\n\n<li><strong>Prise en charge des grands formats<\/strong> : Couettes, couvertures, rideaux, nappes\u2026 nous avons l\u2019\u00e9quipement adapt\u00e9.<\/li>\n\n\n\n<li><strong>Soin des fibres<\/strong> : Nos m\u00e9thodes respectent les tissus pour prolonger la dur\u00e9e de vie de votre linge.<\/li>\n\n\n\n<li><strong>Pratique et rapide<\/strong> : R\u00e9servez en quelques clics, nous nous occupons du reste.<\/li>\n\n\n\n<li><strong>Id\u00e9al \u00e0 chaque saison<\/strong> : Un nettoyage de couette \u00e0 chaque changement de saison, c\u2019est l\u2019assurance d\u2019un sommeil propre et confortable !<\/li>\n<\/ul>\n\n\n\n<p><strong>N\u2019attendez plus pour prendre soin de votre linge de maison.<\/strong> <strong>R\u00e9servez d\u00e8s maintenant pour l\u2019entretien de votre blanchisserie couette &amp; linge de maison<\/strong>, et retrouvez tout le confort du propre.<\/p>\n\n\n\n<p><\/p>\n\n\n<div class=\"wp-block-image\">\n<figure class=\"aligncenter size-full\"><img fetchpriority=\"high\" decoding=\"async\" width=\"1024\" height=\"1024\" src=\"https:\/\/www.repassageservice.fr\/wp-content\/uploads\/2025\/09\/Blanchisserie.png\" alt=\"\" class=\"wp-image-181\" srcset=\"https:\/\/www.repassageservice.fr\/wp-content\/uploads\/2025\/09\/Blanchisserie.png 1024w, https:\/\/www.repassageservice.fr\/wp-content\/uploads\/2025\/09\/Blanchisserie-300x300.png 300w, https:\/\/www.repassageservice.fr\/wp-content\/uploads\/2025\/09\/Blanchisserie-150x150.png 150w, https:\/\/www.repassageservice.fr\/wp-content\/uploads\/2025\/09\/Blanchisserie-768x768.png 768w\" sizes=\"(max-width: 1024px) 100vw, 1024px\" \/><\/figure>\n<\/div>","protected":false},"excerpt":{"rendered":"<p>Blanchisserie &amp; Couettes : offrez \u00e0 votre linge un nettoyage en profondeur ! Votre couette a besoin d\u2019un bon rafra\u00eechissement&nbsp;; Draps, couvertures, oreillers, serviettes\u2026 Nous nous occupons de tout. Notre service de blanchisserie est sp\u00e9cialement con\u00e7u pour le articles volumineux et textiles de maison qui ne rentrent pas dans une machine classique ou qui n\u00e9cessitent [&hellip;]<\/p>\n","protected":false},"author":1,"featured_media":0,"parent":0,"menu_order":0,"comment_status":"closed","ping_status":"closed","template":"","meta":{"footnotes":""},"class_list":["post-23","page","type-page","status-publish","hentry"],"yoast_head":"<!-- This site is optimized with the Yoast SEO plugin v27.5 - https:\/\/yoast.com\/product\/yoast-seo-wordpress\/ -->\n<title>Blanchisserie - Couettes - Tapis - Repassage Service<\/title>\n<meta name=\"robots\" content=\"index, follow, max-snippet:-1, max-image-preview:large, max-video-preview:-1\" \/>\n<link rel=\"canonical\" href=\"https:\/\/www.repassageservice.fr\/?page_id=23\" \/>\n<meta property=\"og:locale\" content=\"fr_FR\" \/>\n<meta property=\"og:type\" content=\"article\" \/>\n<meta property=\"og:title\" content=\"Blanchisserie - Couettes - Tapis - Repassage Service\" \/>\n<meta property=\"og:description\" content=\"Blanchisserie &amp; Couettes : offrez \u00e0 votre linge un nettoyage en profondeur ! Votre couette a besoin d\u2019un bon rafra\u00eechissement&nbsp;; Draps, couvertures, oreillers, serviettes\u2026 Nous nous occupons de tout. Notre service de blanchisserie est sp\u00e9cialement con\u00e7u pour le articles volumineux et textiles de maison qui ne rentrent pas dans une machine classique ou qui n\u00e9cessitent [&hellip;]\" \/>\n<meta property=\"og:url\" content=\"https:\/\/www.repassageservice.fr\/?page_id=23\" \/>\n<meta property=\"og:site_name\" content=\"Repassage Service\" \/>\n<meta property=\"article:modified_time\" content=\"2025-10-05T19:08:24+00:00\" \/>\n<meta property=\"og:image\" content=\"https:\/\/www.repassageservice.fr\/wp-content\/uploads\/2025\/09\/Blanchisserie.png\" \/>\n\t<meta property=\"og:image:width\" content=\"1024\" \/>\n\t<meta property=\"og:image:height\" content=\"1024\" \/>\n\t<meta property=\"og:image:type\" content=\"image\/png\" \/>\n<meta name=\"twitter:card\" content=\"summary_large_image\" \/>\n<meta name=\"twitter:label1\" content=\"Dur\u00e9e de lecture estim\u00e9e\" \/>\n\t<meta name=\"twitter:data1\" content=\"1 minute\" \/>\n<script type=\"application\/ld+json\" class=\"yoast-schema-graph\">{\"@context\":\"https:\\\/\\\/schema.org\",\"@graph\":[{\"@type\":\"WebPage\",\"@id\":\"https:\\\/\\\/www.repassageservice.fr\\\/?page_id=23\",\"url\":\"https:\\\/\\\/www.repassageservice.fr\\\/?page_id=23\",\"name\":\"Blanchisserie - Couettes - Tapis - Repassage Service\",\"isPartOf\":{\"@id\":\"https:\\\/\\\/www.repassageservice.fr\\\/#website\"},\"primaryImageOfPage\":{\"@id\":\"https:\\\/\\\/www.repassageservice.fr\\\/?page_id=23#primaryimage\"},\"image\":{\"@id\":\"https:\\\/\\\/www.repassageservice.fr\\\/?page_id=23#primaryimage\"},\"thumbnailUrl\":\"https:\\\/\\\/www.repassageservice.fr\\\/wp-content\\\/uploads\\\/2025\\\/09\\\/Blanchisserie.png\",\"datePublished\":\"2025-09-21T21:31:51+00:00\",\"dateModified\":\"2025-10-05T19:08:24+00:00\",\"breadcrumb\":{\"@id\":\"https:\\\/\\\/www.repassageservice.fr\\\/?page_id=23#breadcrumb\"},\"inLanguage\":\"fr-FR\",\"potentialAction\":[{\"@type\":\"ReadAction\",\"target\":[\"https:\\\/\\\/www.repassageservice.fr\\\/?page_id=23\"]}]},{\"@type\":\"ImageObject\",\"inLanguage\":\"fr-FR\",\"@id\":\"https:\\\/\\\/www.repassageservice.fr\\\/?page_id=23#primaryimage\",\"url\":\"https:\\\/\\\/www.repassageservice.fr\\\/wp-content\\\/uploads\\\/2025\\\/09\\\/Blanchisserie.png\",\"contentUrl\":\"https:\\\/\\\/www.repassageservice.fr\\\/wp-content\\\/uploads\\\/2025\\\/09\\\/Blanchisserie.png\",\"width\":1024,\"height\":1024},{\"@type\":\"BreadcrumbList\",\"@id\":\"https:\\\/\\\/www.repassageservice.fr\\\/?page_id=23#breadcrumb\",\"itemListElement\":[{\"@type\":\"ListItem\",\"position\":1,\"name\":\"Accueil\",\"item\":\"https:\\\/\\\/www.repassageservice.fr\\\/\"},{\"@type\":\"ListItem\",\"position\":2,\"name\":\"Blanchisserie &#8211; Couettes &#8211; Tapis\"}]},{\"@type\":\"WebSite\",\"@id\":\"https:\\\/\\\/www.repassageservice.fr\\\/#website\",\"url\":\"https:\\\/\\\/www.repassageservice.fr\\\/\",\"name\":\"Repassage Service\",\"description\":\"\",\"publisher\":{\"@id\":\"https:\\\/\\\/www.repassageservice.fr\\\/#organization\"},\"potentialAction\":[{\"@type\":\"SearchAction\",\"target\":{\"@type\":\"EntryPoint\",\"urlTemplate\":\"https:\\\/\\\/www.repassageservice.fr\\\/?s={search_term_string}\"},\"query-input\":{\"@type\":\"PropertyValueSpecification\",\"valueRequired\":true,\"valueName\":\"search_term_string\"}}],\"inLanguage\":\"fr-FR\"},{\"@type\":\"Organization\",\"@id\":\"https:\\\/\\\/www.repassageservice.fr\\\/#organization\",\"name\":\"Repassage Service\",\"url\":\"https:\\\/\\\/www.repassageservice.fr\\\/\",\"logo\":{\"@type\":\"ImageObject\",\"inLanguage\":\"fr-FR\",\"@id\":\"https:\\\/\\\/www.repassageservice.fr\\\/#\\\/schema\\\/logo\\\/image\\\/\",\"url\":\"https:\\\/\\\/www.repassageservice.fr\\\/wp-content\\\/uploads\\\/2025\\\/10\\\/LARS.png\",\"contentUrl\":\"https:\\\/\\\/www.repassageservice.fr\\\/wp-content\\\/uploads\\\/2025\\\/10\\\/LARS.png\",\"width\":900,\"height\":325,\"caption\":\"Repassage Service\"},\"image\":{\"@id\":\"https:\\\/\\\/www.repassageservice.fr\\\/#\\\/schema\\\/logo\\\/image\\\/\"}}]}<\/script>\n<!-- \/ Yoast SEO plugin. -->","yoast_head_json":{"title":"Blanchisserie - Couettes - Tapis - Repassage Service","robots":{"index":"index","follow":"follow","max-snippet":"max-snippet:-1","max-image-preview":"max-image-preview:large","max-video-preview":"max-video-preview:-1"},"canonical":"https:\/\/www.repassageservice.fr\/?page_id=23","og_locale":"fr_FR","og_type":"article","og_title":"Blanchisserie - Couettes - Tapis - Repassage Service","og_description":"Blanchisserie &amp; Couettes : offrez \u00e0 votre linge un nettoyage en profondeur ! Votre couette a besoin d\u2019un bon rafra\u00eechissement&nbsp;; Draps, couvertures, oreillers, serviettes\u2026 Nous nous occupons de tout. Notre service de blanchisserie est sp\u00e9cialement con\u00e7u pour le articles volumineux et textiles de maison qui ne rentrent pas dans une machine classique ou qui n\u00e9cessitent [&hellip;]","og_url":"https:\/\/www.repassageservice.fr\/?page_id=23","og_site_name":"Repassage Service","article_modified_time":"2025-10-05T19:08:24+00:00","og_image":[{"width":1024,"height":1024,"url":"https:\/\/www.repassageservice.fr\/wp-content\/uploads\/2025\/09\/Blanchisserie.png","type":"image\/png"}],"twitter_card":"summary_large_image","twitter_misc":{"Dur\u00e9e de lecture estim\u00e9e":"1 minute"},"schema":{"@context":"https:\/\/schema.org","@graph":[{"@type":"WebPage","@id":"https:\/\/www.repassageservice.fr\/?page_id=23","url":"https:\/\/www.repassageservice.fr\/?page_id=23","name":"Blanchisserie - Couettes - Tapis - Repassage Service","isPartOf":{"@id":"https:\/\/www.repassageservice.fr\/#website"},"primaryImageOfPage":{"@id":"https:\/\/www.repassageservice.fr\/?page_id=23#primaryimage"},"image":{"@id":"https:\/\/www.repassageservice.fr\/?page_id=23#primaryimage"},"thumbnailUrl":"https:\/\/www.repassageservice.fr\/wp-content\/uploads\/2025\/09\/Blanchisserie.png","datePublished":"2025-09-21T21:31:51+00:00","dateModified":"2025-10-05T19:08:24+00:00","breadcrumb":{"@id":"https:\/\/www.repassageservice.fr\/?page_id=23#breadcrumb"},"inLanguage":"fr-FR","potentialAction":[{"@type":"ReadAction","target":["https:\/\/www.repassageservice.fr\/?page_id=23"]}]},{"@type":"ImageObject","inLanguage":"fr-FR","@id":"https:\/\/www.repassageservice.fr\/?page_id=23#primaryimage","url":"https:\/\/www.repassageservice.fr\/wp-content\/uploads\/2025\/09\/Blanchisserie.png","contentUrl":"https:\/\/www.repassageservice.fr\/wp-content\/uploads\/2025\/09\/Blanchisserie.png","width":1024,"height":1024},{"@type":"BreadcrumbList","@id":"https:\/\/www.repassageservice.fr\/?page_id=23#breadcrumb","itemListElement":[{"@type":"ListItem","position":1,"name":"Accueil","item":"https:\/\/www.repassageservice.fr\/"},{"@type":"ListItem","position":2,"name":"Blanchisserie &#8211; Couettes &#8211; Tapis"}]},{"@type":"WebSite","@id":"https:\/\/www.repassageservice.fr\/#website","url":"https:\/\/www.repassageservice.fr\/","name":"Repassage Service","description":"","publisher":{"@id":"https:\/\/www.repassageservice.fr\/#organization"},"potentialAction":[{"@type":"SearchAction","target":{"@type":"EntryPoint","urlTemplate":"https:\/\/www.repassageservice.fr\/?s={search_term_string}"},"query-input":{"@type":"PropertyValueSpecification","valueRequired":true,"valueName":"search_term_string"}}],"inLanguage":"fr-FR"},{"@type":"Organization","@id":"https:\/\/www.repassageservice.fr\/#organization","name":"Repassage Service","url":"https:\/\/www.repassageservice.fr\/","logo":{"@type":"ImageObject","inLanguage":"fr-FR","@id":"https:\/\/www.repassageservice.fr\/#\/schema\/logo\/image\/","url":"https:\/\/www.repassageservice.fr\/wp-content\/uploads\/2025\/10\/LARS.png","contentUrl":"https:\/\/www.repassageservice.fr\/wp-content\/uploads\/2025\/10\/LARS.png","width":900,"height":325,"caption":"Repassage Service"},"image":{"@id":"https:\/\/www.repassageservice.fr\/#\/schema\/logo\/image\/"}}]}},"_links":{"self":[{"href":"https:\/\/www.repassageservice.fr\/index.php?rest_route=\/wp\/v2\/pages\/23","targetHints":{"allow":["GET"]}}],"collection":[{"href":"https:\/\/www.repassageservice.fr\/index.php?rest_route=\/wp\/v2\/pages"}],"about":[{"href":"https:\/\/www.repassageservice.fr\/index.php?rest_route=\/wp\/v2\/types\/page"}],"author":[{"embeddable":true,"href":"https:\/\/www.repassageservice.fr\/index.php?rest_route=\/wp\/v2\/users\/1"}],"replies":[{"embeddable":true,"href":"https:\/\/www.repassageservice.fr\/index.php?rest_route=%2Fwp%2Fv2%2Fcomments&post=23"}],"version-history":[{"count":0,"href":"https:\/\/www.repassageservice.fr\/index.php?rest_route=\/wp\/v2\/pages\/23\/revisions"}],"wp:attachment":[{"href":"https:\/\/www.repassageservice.fr\/index.php?rest_route=%2Fwp%2Fv2%2Fmedia&parent=23"}],"curies":[{"name":"wp","href":"https:\/\/api.w.org\/{rel}","templated":true}]}}