{"id":6,"date":"2025-09-21T23:31:22","date_gmt":"2025-09-21T21:31:22","guid":{"rendered":"https:\/\/www.repassageservice.fr\/?page_id=6"},"modified":"2026-03-27T13:08:34","modified_gmt":"2026-03-27T11:08:34","slug":"accueil","status":"publish","type":"page","link":"https:\/\/www.repassageservice.fr\/","title":{"rendered":"Repassage Service"},"content":{"rendered":"\n<p><\/p>\n\n\n\n<p class=\"has-text-align-center\">************<\/p>\n\n\n\n<p><strong>Lavorama <\/strong>\u2013 Votre pressing traditionnel de confiance au service de votre linge depuis plus de 50 ans.<\/p>\n\n\n\n<p>Chez <strong>Lavorama<\/strong>, nous mettons tout en \u0153uvre pour offrir \u00e0 nos clients un service de pressing haut de gamme, rapide, fiable et respectueux de vos v\u00eatements.<\/p>\n\n\n\n<p>Nos engagements :<\/p>\n\n\n\n<ul class=\"wp-block-list\">\n<li>Qualit\u00e9 professionnelle : Gr\u00e2ce \u00e0 des \u00e9quipements modernes et \u00e0 un savoir-faire reconnu, nous traitons vos v\u00eatements avec le plus grand soin.<\/li>\n\n\n\n<li>Respect des textiles : Chaque pi\u00e8ce est trait\u00e9e selon sa mati\u00e8re pour garantir propret\u00e9, fra\u00eecheur et long\u00e9vit\u00e9.<\/li>\n\n\n\n<li>Service complet : Pressing, lavage, repassage, blanchisserie, nettoyage de couettes, v\u00eatements d\u00e9licats, linge de maison, rideaux, costumes, robes de soir\u00e9e, robes de mari\u00e9es\u2026 nous prenons soin de tout.<\/li>\n\n\n\n<li>Gain de temps : D\u00e9posez, r\u00e9cup\u00e9rez\u2026 ou faites-vous livrer ! Nous proposons des services de collecte et livraison \u00e0 domicile ou sur votre lieu de travail.<\/li>\n\n\n\n<li>\u00c9cologie : Lavorama s\u2019engage pour un nettoyage plus responsable, avec des produits respectueux de l\u2019environnement et des proc\u00e9d\u00e9s \u00e9conomes en eau et en \u00e9nergie.<\/li>\n\n\n\n<li>Accueil &amp; disponibilit\u00e9 : Notre \u00e9quipe est \u00e0 votre \u00e9coute pour r\u00e9pondre \u00e0 vos besoins et vous conseiller au mieux.<\/li>\n<\/ul>\n\n\n\n<p>Que vous soyez un particulier ou un professionnel, nous avons la solution adapt\u00e9e \u00e0 vos besoins en entretien textile.<br><\/p>\n\n\n\n<p>R\u00e9servez d\u00e8s aujourd\u2019hui votre service en ligne sur <a href=\"https:\/\/www.repassageservice.fr\"><strong>https:\/\/www.repassageservice.fr<\/strong><\/a> ou en boutique par t\u00e9l\u00e9phone au <strong>04 78 54 38 06<\/strong>.<br><\/p>\n\n\n\n<p class=\"has-text-align-left\"><strong>Lavorama<\/strong> \u2013 Bien plus qu\u2019un pressing. Un soin sur mesure pour votre linge. Vous pouvez vous d\u00e9placer en magasin aux horaires d&#8217;ouverture : <\/p>\n\n\n\n<ul class=\"wp-block-list\">\n<li>du mardi au vendredi de 08h30 \u00e0 12h30, et de 13h00  \u00e0 17h30<\/li>\n<\/ul>\n\n\n\n<ul class=\"wp-block-list\">\n<li>le samedi de 08h30 \u00e0 12h30.<\/li>\n<\/ul>\n\n\n\n<p class=\"has-text-align-center\">************<\/p>\n\n\n\n<p><\/p>\n\n\n\n<p><\/p>\n\n\n\n<p><\/p>\n\n\n\n<p><\/p>\n\n\n\n<p><\/p>\n","protected":false},"excerpt":{"rendered":"<p>************ Lavorama \u2013 Votre pressing traditionnel de confiance au service de votre linge depuis plus de 50 ans. Chez Lavorama, nous mettons tout en \u0153uvre pour offrir \u00e0 nos clients un service de pressing haut de gamme, rapide, fiable et respectueux de vos v\u00eatements. Nos engagements : Que vous soyez un particulier ou un professionnel, [&hellip;]<\/p>\n","protected":false},"author":1,"featured_media":92,"parent":0,"menu_order":0,"comment_status":"closed","ping_status":"closed","template":"","meta":{"footnotes":""},"class_list":["post-6","page","type-page","status-publish","has-post-thumbnail","hentry"],"yoast_head":"<!-- This site is optimized with the Yoast SEO plugin v27.5 - https:\/\/yoast.com\/product\/yoast-seo-wordpress\/ -->\n<title>Repassage Service - Repassage Service<\/title>\n<meta name=\"robots\" content=\"index, follow, max-snippet:-1, max-image-preview:large, max-video-preview:-1\" \/>\n<link rel=\"canonical\" href=\"https:\/\/www.repassageservice.fr\/\" \/>\n<meta property=\"og:locale\" content=\"fr_FR\" \/>\n<meta property=\"og:type\" content=\"article\" \/>\n<meta property=\"og:title\" content=\"Repassage Service - Repassage Service\" \/>\n<meta property=\"og:description\" content=\"************ Lavorama \u2013 Votre pressing traditionnel de confiance au service de votre linge depuis plus de 50 ans. Chez Lavorama, nous mettons tout en \u0153uvre pour offrir \u00e0 nos clients un service de pressing haut de gamme, rapide, fiable et respectueux de vos v\u00eatements. Nos engagements : Que vous soyez un particulier ou un professionnel, [&hellip;]\" \/>\n<meta property=\"og:url\" content=\"https:\/\/www.repassageservice.fr\/\" \/>\n<meta property=\"og:site_name\" content=\"Repassage Service\" \/>\n<meta property=\"article:modified_time\" content=\"2026-03-27T11:08:34+00:00\" \/>\n<meta property=\"og:image\" content=\"https:\/\/www.repassageservice.fr\/wp-content\/uploads\/2025\/09\/Banniere_3-1024x683.png\" \/>\n\t<meta property=\"og:image:width\" content=\"1024\" \/>\n\t<meta property=\"og:image:height\" content=\"683\" \/>\n\t<meta property=\"og:image:type\" content=\"image\/png\" \/>\n<meta name=\"twitter:card\" content=\"summary_large_image\" \/>\n<meta name=\"twitter:label1\" content=\"Dur\u00e9e de lecture estim\u00e9e\" \/>\n\t<meta name=\"twitter:data1\" content=\"2 minutes\" \/>\n<script type=\"application\/ld+json\" class=\"yoast-schema-graph\">{\"@context\":\"https:\\\/\\\/schema.org\",\"@graph\":[{\"@type\":\"WebPage\",\"@id\":\"https:\\\/\\\/www.repassageservice.fr\\\/\",\"url\":\"https:\\\/\\\/www.repassageservice.fr\\\/\",\"name\":\"Repassage Service - Repassage Service\",\"isPartOf\":{\"@id\":\"https:\\\/\\\/www.repassageservice.fr\\\/#website\"},\"primaryImageOfPage\":{\"@id\":\"https:\\\/\\\/www.repassageservice.fr\\\/#primaryimage\"},\"image\":{\"@id\":\"https:\\\/\\\/www.repassageservice.fr\\\/#primaryimage\"},\"thumbnailUrl\":\"https:\\\/\\\/www.repassageservice.fr\\\/wp-content\\\/uploads\\\/2025\\\/09\\\/Banniere_3.png\",\"datePublished\":\"2025-09-21T21:31:22+00:00\",\"dateModified\":\"2026-03-27T11:08:34+00:00\",\"breadcrumb\":{\"@id\":\"https:\\\/\\\/www.repassageservice.fr\\\/#breadcrumb\"},\"inLanguage\":\"fr-FR\",\"potentialAction\":[{\"@type\":\"ReadAction\",\"target\":[\"https:\\\/\\\/www.repassageservice.fr\\\/\"]}]},{\"@type\":\"ImageObject\",\"inLanguage\":\"fr-FR\",\"@id\":\"https:\\\/\\\/www.repassageservice.fr\\\/#primaryimage\",\"url\":\"https:\\\/\\\/www.repassageservice.fr\\\/wp-content\\\/uploads\\\/2025\\\/09\\\/Banniere_3.png\",\"contentUrl\":\"https:\\\/\\\/www.repassageservice.fr\\\/wp-content\\\/uploads\\\/2025\\\/09\\\/Banniere_3.png\",\"width\":1536,\"height\":1024},{\"@type\":\"BreadcrumbList\",\"@id\":\"https:\\\/\\\/www.repassageservice.fr\\\/#breadcrumb\",\"itemListElement\":[{\"@type\":\"ListItem\",\"position\":1,\"name\":\"Accueil\",\"item\":\"https:\\\/\\\/www.repassageservice.fr\\\/\"},{\"@type\":\"ListItem\",\"position\":2,\"name\":\"Repassage Service\"}]},{\"@type\":\"WebSite\",\"@id\":\"https:\\\/\\\/www.repassageservice.fr\\\/#website\",\"url\":\"https:\\\/\\\/www.repassageservice.fr\\\/\",\"name\":\"Repassage Service\",\"description\":\"\",\"publisher\":{\"@id\":\"https:\\\/\\\/www.repassageservice.fr\\\/#organization\"},\"potentialAction\":[{\"@type\":\"SearchAction\",\"target\":{\"@type\":\"EntryPoint\",\"urlTemplate\":\"https:\\\/\\\/www.repassageservice.fr\\\/?s={search_term_string}\"},\"query-input\":{\"@type\":\"PropertyValueSpecification\",\"valueRequired\":true,\"valueName\":\"search_term_string\"}}],\"inLanguage\":\"fr-FR\"},{\"@type\":\"Organization\",\"@id\":\"https:\\\/\\\/www.repassageservice.fr\\\/#organization\",\"name\":\"Repassage Service\",\"url\":\"https:\\\/\\\/www.repassageservice.fr\\\/\",\"logo\":{\"@type\":\"ImageObject\",\"inLanguage\":\"fr-FR\",\"@id\":\"https:\\\/\\\/www.repassageservice.fr\\\/#\\\/schema\\\/logo\\\/image\\\/\",\"url\":\"https:\\\/\\\/www.repassageservice.fr\\\/wp-content\\\/uploads\\\/2025\\\/10\\\/LARS.png\",\"contentUrl\":\"https:\\\/\\\/www.repassageservice.fr\\\/wp-content\\\/uploads\\\/2025\\\/10\\\/LARS.png\",\"width\":900,\"height\":325,\"caption\":\"Repassage Service\"},\"image\":{\"@id\":\"https:\\\/\\\/www.repassageservice.fr\\\/#\\\/schema\\\/logo\\\/image\\\/\"}}]}<\/script>\n<!-- \/ Yoast SEO plugin. -->","yoast_head_json":{"title":"Repassage Service - Repassage Service","robots":{"index":"index","follow":"follow","max-snippet":"max-snippet:-1","max-image-preview":"max-image-preview:large","max-video-preview":"max-video-preview:-1"},"canonical":"https:\/\/www.repassageservice.fr\/","og_locale":"fr_FR","og_type":"article","og_title":"Repassage Service - Repassage Service","og_description":"************ Lavorama \u2013 Votre pressing traditionnel de confiance au service de votre linge depuis plus de 50 ans. Chez Lavorama, nous mettons tout en \u0153uvre pour offrir \u00e0 nos clients un service de pressing haut de gamme, rapide, fiable et respectueux de vos v\u00eatements. Nos engagements : Que vous soyez un particulier ou un professionnel, [&hellip;]","og_url":"https:\/\/www.repassageservice.fr\/","og_site_name":"Repassage Service","article_modified_time":"2026-03-27T11:08:34+00:00","og_image":[{"width":1024,"height":683,"url":"https:\/\/www.repassageservice.fr\/wp-content\/uploads\/2025\/09\/Banniere_3-1024x683.png","type":"image\/png"}],"twitter_card":"summary_large_image","twitter_misc":{"Dur\u00e9e de lecture estim\u00e9e":"2 minutes"},"schema":{"@context":"https:\/\/schema.org","@graph":[{"@type":"WebPage","@id":"https:\/\/www.repassageservice.fr\/","url":"https:\/\/www.repassageservice.fr\/","name":"Repassage Service - Repassage Service","isPartOf":{"@id":"https:\/\/www.repassageservice.fr\/#website"},"primaryImageOfPage":{"@id":"https:\/\/www.repassageservice.fr\/#primaryimage"},"image":{"@id":"https:\/\/www.repassageservice.fr\/#primaryimage"},"thumbnailUrl":"https:\/\/www.repassageservice.fr\/wp-content\/uploads\/2025\/09\/Banniere_3.png","datePublished":"2025-09-21T21:31:22+00:00","dateModified":"2026-03-27T11:08:34+00:00","breadcrumb":{"@id":"https:\/\/www.repassageservice.fr\/#breadcrumb"},"inLanguage":"fr-FR","potentialAction":[{"@type":"ReadAction","target":["https:\/\/www.repassageservice.fr\/"]}]},{"@type":"ImageObject","inLanguage":"fr-FR","@id":"https:\/\/www.repassageservice.fr\/#primaryimage","url":"https:\/\/www.repassageservice.fr\/wp-content\/uploads\/2025\/09\/Banniere_3.png","contentUrl":"https:\/\/www.repassageservice.fr\/wp-content\/uploads\/2025\/09\/Banniere_3.png","width":1536,"height":1024},{"@type":"BreadcrumbList","@id":"https:\/\/www.repassageservice.fr\/#breadcrumb","itemListElement":[{"@type":"ListItem","position":1,"name":"Accueil","item":"https:\/\/www.repassageservice.fr\/"},{"@type":"ListItem","position":2,"name":"Repassage Service"}]},{"@type":"WebSite","@id":"https:\/\/www.repassageservice.fr\/#website","url":"https:\/\/www.repassageservice.fr\/","name":"Repassage Service","description":"","publisher":{"@id":"https:\/\/www.repassageservice.fr\/#organization"},"potentialAction":[{"@type":"SearchAction","target":{"@type":"EntryPoint","urlTemplate":"https:\/\/www.repassageservice.fr\/?s={search_term_string}"},"query-input":{"@type":"PropertyValueSpecification","valueRequired":true,"valueName":"search_term_string"}}],"inLanguage":"fr-FR"},{"@type":"Organization","@id":"https:\/\/www.repassageservice.fr\/#organization","name":"Repassage Service","url":"https:\/\/www.repassageservice.fr\/","logo":{"@type":"ImageObject","inLanguage":"fr-FR","@id":"https:\/\/www.repassageservice.fr\/#\/schema\/logo\/image\/","url":"https:\/\/www.repassageservice.fr\/wp-content\/uploads\/2025\/10\/LARS.png","contentUrl":"https:\/\/www.repassageservice.fr\/wp-content\/uploads\/2025\/10\/LARS.png","width":900,"height":325,"caption":"Repassage Service"},"image":{"@id":"https:\/\/www.repassageservice.fr\/#\/schema\/logo\/image\/"}}]}},"_links":{"self":[{"href":"https:\/\/www.repassageservice.fr\/index.php?rest_route=\/wp\/v2\/pages\/6","targetHints":{"allow":["GET"]}}],"collection":[{"href":"https:\/\/www.repassageservice.fr\/index.php?rest_route=\/wp\/v2\/pages"}],"about":[{"href":"https:\/\/www.repassageservice.fr\/index.php?rest_route=\/wp\/v2\/types\/page"}],"author":[{"embeddable":true,"href":"https:\/\/www.repassageservice.fr\/index.php?rest_route=\/wp\/v2\/users\/1"}],"replies":[{"embeddable":true,"href":"https:\/\/www.repassageservice.fr\/index.php?rest_route=%2Fwp%2Fv2%2Fcomments&post=6"}],"version-history":[{"count":16,"href":"https:\/\/www.repassageservice.fr\/index.php?rest_route=\/wp\/v2\/pages\/6\/revisions"}],"predecessor-version":[{"id":17477,"href":"https:\/\/www.repassageservice.fr\/index.php?rest_route=\/wp\/v2\/pages\/6\/revisions\/17477"}],"wp:featuredmedia":[{"embeddable":true,"href":"https:\/\/www.repassageservice.fr\/index.php?rest_route=\/wp\/v2\/media\/92"}],"wp:attachment":[{"href":"https:\/\/www.repassageservice.fr\/index.php?rest_route=%2Fwp%2Fv2%2Fmedia&parent=6"}],"curies":[{"name":"wp","href":"https:\/\/api.w.org\/{rel}","templated":true}]}}